{"id":10194,"date":"2022-11-16T12:57:21","date_gmt":"2022-11-16T12:57:21","guid":{"rendered":"https:\/\/mwf-bolivia.com\/product\/falke\/"},"modified":"2022-12-13T14:47:27","modified_gmt":"2022-12-13T14:47:27","slug":"falke","status":"publish","type":"product","link":"https:\/\/mwf-bolivia.com\/es\/producto\/falke\/","title":{"rendered":"FALKE"},"content":{"rendered":"<section class=\"wpb-content-wrapper\"><p>[vc_row woodmart_css_id=\u00bb6380db64924c3&#8243; responsive_spacing=\u00bbeyJwYXJhbV90eXBlIjoid29vZG1hcnRfcmVzcG9uc2l2ZV9zcGFjaW5nIiwic2VsZWN0b3JfaWQiOiI2MzgwZGI2NDkyNGMzIiwic2hvcnRjb2RlIjoidmNfcm93IiwiZGF0YSI6eyJ0YWJsZXQiOnt9LCJtb2JpbGUiOnt9fX0=\u00bb mobile_bg_img_hidden=\u00bbno\u00bb tablet_bg_img_hidden=\u00bbno\u00bb woodmart_parallax=\u00bb0&#8243; woodmart_gradient_switch=\u00bbno\u00bb woodmart_box_shadow=\u00bbno\u00bb wd_z_index=\u00bbno\u00bb woodmart_disable_overflow=\u00bb0&#8243; row_reverse_mobile=\u00bb0&#8243; row_reverse_tablet=\u00bb0&#8243;][vc_column]\n\t\t<div id=\"wd-637e341d284e0\" class=\"wd-accordion wd-wpb wd-rs-637e341d284e0  wd-style-default\" data-state=\"first\">\n\t\t\t\t\t\t\t\n\t\t\t\t\n\t\t\t\t<div class=\"wd-accordion-item\">\n\t\t\t\t\t<div class=\"wd-accordion-title wd-active font-primary wd-fontsize-s text-left wd-opener-pos-left wd-font-weight-600\" data-accordion-index=\"0\">\n\t\t\t\t\t\t<div class=\"wd-accordion-title-text\">\n\t\t\t\t\t\t\t\t\t\t\t\t\t\t<span>\n\t\t\t\t\t\t\t\tDESCRIPCI\u00d3N\t\t\t\t\t\t\t<\/span>\n\t\t\t\t\t\t<\/div>\n\t\t\t\t\t\t<span class=\"wd-accordion-opener wd-opener-style-arrow\"><\/span>\n\t\t\t\t\t<\/div>\n\n\t\t\t\t\t<div class=\"wd-accordion-content reset-last-child wd-active\" data-accordion-index=\"0\">\n\t\t\t\t\t\t\t\t\t\t\t\t\t\n<div class=\"container\">\n<h4>Falke es un detector de metales avanzado para profesionales, que combina todas las especificaciones y caracter\u00edsticas que necesitan los buscadores de tesoros y buscadores de oro en un solo dispositivo.<\/h4>\n<blockquote><p>\nEl detector de metales Falke opera mediante sistemas de detecci\u00f3n avanzados que le brindan un alto rendimiento para lograr resultados sorprendentes y alcanzar grandes profundidades que antes no pod\u00eda alcanzar, con discriminaci\u00f3n precisa de objetivos al tiempo que proporciona la identidad del objetivo y la funci\u00f3n de detectar anomal\u00edas en el suelo para detectar cavidades.<br \/>\nEsta m\u00e1quina ha superado todas las pruebas cient\u00edficas y de campo, ya que ha demostrado su val\u00eda como el mejor detector de metales para la b\u00fasqueda de tesoros profundos y cuevas. Contiene muchas funciones modernas que lo convierten en su opci\u00f3n ideal sin competencia.<br \/>\nNota: El Falke est\u00e1 equipado con 2 bobinas de b\u00fasqueda DD avanzadas:<br \/>\n1- Bobina de b\u00fasqueda DD 35 cm: especializada para la b\u00fasqueda de objetivos peque\u00f1os y medianos a profundidades sin precedentes, frecuencia de funcionamiento 20 kHz.<br \/>\n2- Bobina de b\u00fasqueda DD 45 cm: especializada para buscar y encontrar un objetivo mediano y grande con alta concentraci\u00f3n, resultados logrados y profundidades competitivas, frecuencia de operaci\u00f3n de 14.5 kHz.\n<\/p><\/blockquote>\n<div class=\"row flex-column-reverse flex-lg-row\">\n<div class=\"col-md-6 col-ms-12 \">\n<ul>\n<li aria-level=\"1\">El detector de metales Falke es el resultado de los extensos experimentos e investigaciones realizadas por nuestro grupo para llegar al detector de oro y metales m\u00e1s profundo del mundo, con resultados muy claros.<\/li>\n<li aria-level=\"1\">El detector de oro y tesoros de Falke es su elecci\u00f3n correcta para comenzar la b\u00fasqueda del tesoro y verificar sus ubicaciones con funciones y caracter\u00edsticas que hacen que su sue\u00f1o se haga realidad.<\/li>\n<li aria-level=\"1\">El dispositivo contiene algoritmos de an\u00e1lisis precisos que brindan resultados sin precedentes y excelentes capacidades que le permiten completar las operaciones de exploraci\u00f3n con placer y gran \u00e9xito.<\/li>\n<li aria-level=\"1\">Aparte de dispositivos similares que funcionan de la misma manera, este dispositivo es sencillo y f\u00e1cil de operar y usar. Cualquiera puede usarlo y tratar con \u00e9l.<\/li>\n<li aria-level=\"1\">Mostrando la identidad del objetivo en la pantalla del dispositivo, discriminaci\u00f3n precisa de oro, metales preciosos y no preciosos, con la caracter\u00edstica de configurar una m\u00e1scara para ignorar objetivos.<\/li>\n<li aria-level=\"1\">Bobinas de b\u00fasqueda doble D avanzadas con gran enfoque y rendimiento, capaces de aislar los efectos ambientales manteniendo resultados \u00f3ptimos.<\/li>\n<li aria-level=\"1\">Gran velocidad para proporcionar los resultados al usuario con datos integrados y completos sobre el objetivo y el centro del punto.<\/li>\n<li aria-level=\"1\">Sistema de Sintonizaci\u00f3n Autom\u00e1tica (ATS) Invenci\u00f3n especial y nueva, registrada a favor de MWF GROUP, este sistema proporciona resultados precisos y seguros en todo tipo de suelos y terrenos, debido a que el sistema reconoce el suelo autom\u00e1ticamente, otorga al proceso de b\u00fasqueda una sintonizaci\u00f3n autom\u00e1tica acorde con la tipo de suelo y propiedades del suelo, con la abolici\u00f3n de cualquier superposici\u00f3n de radiaci\u00f3n resultante del efecto de territorio rocoso y monta\u00f1oso, que puede afectar a muchos otros detectores, pero este sistema inteligente puede clasificar y analizar y proporcionar los niveles necesarios que se relacionan de se\u00f1al de frecuencia, voltaje y longitud de onda de la se\u00f1al que da resultados libres de errores.<\/li>\n<li aria-level=\"1\">La interfaz de usuario es moderna y c\u00f3moda, y muestra todas las funciones, configuraciones y resultados de b\u00fasqueda del dispositivo.<\/li>\n<\/ul>\n<\/div>\n<div class=\"col-md-6 col-ms-12\">\n<div class=\"mwf-img\"><img decoding=\"async\" src=\"http:\/\/old.mwf-metaldetectors.com\/wp-content\/uploads\/2021\/11\/Falke-en.jpg\" alt=\"mf-1100-pro-professional\" \/><\/div>\n<\/div>\n<\/div>\n<div class=\"row\">\n<div class=\"col-md-12 col-ms-12 \">\n<ul>\n<li aria-level=\"1\">Control total sobre todas las funciones, configuraciones y criterios de b\u00fasqueda del dispositivo, lo que le brinda una adaptaci\u00f3n precisa a todas las condiciones del entorno.<\/li>\n<li aria-level=\"1\">La pantalla a color TFT HD de 5 pulgadas brinda al usuario una visi\u00f3n clara de d\u00eda y de noche.<\/li>\n<li aria-level=\"1\">Controle el nivel de la funci\u00f3n de brillo de la pantalla, que le brinda una iluminaci\u00f3n adecuada para el d\u00eda o la noche, y reduzca el nivel de iluminaci\u00f3n para ahorrar energ\u00eda tambi\u00e9n.<\/li>\n<li aria-level=\"1\">Funci\u00f3n de control de volumen.<\/li>\n<li aria-level=\"1\">M\u00faltiples idiomas, compatible con 6 idiomas internacionales.<\/li>\n<li aria-level=\"1\">Bater\u00edas de iones de litio recargables de larga duraci\u00f3n incorporadas, lo que permite al usuario trabajar durante 10 horas de trabajo continuo.<\/li>\n<li aria-level=\"1\">Sistema de carga de bater\u00eda seguro que proporciona una carga r\u00e1pida mientras mantiene una larga vida \u00fatil de la bater\u00eda.<\/li>\n<li aria-level=\"1\">Alta calidad y desempe\u00f1o preciso, fabricando este producto con los mejores elast\u00f3meros, componentes electr\u00f3nicos y circuitos con est\u00e1ndares internacionales.<\/li>\n<li aria-level=\"1\">El dise\u00f1o ergon\u00f3mico y la forma aerodin\u00e1mica le brindan el poder de buscar y navegar con ligereza y facilidad de uso, que juegan un papel importante en los resultados r\u00e1pidos y sin complicaciones.<\/li>\n<li aria-level=\"1\">Compatible con este dispositivo con un panel de control simple, funciona con una interfaz de botones, permite al usuario controlar y configurar el dispositivo para buscar f\u00e1cilmente.<\/li>\n<li aria-level=\"1\">Gran velocidad para proporcionar los resultados al usuario con datos integrados y completos sobre el objetivo y el centro del punto.<\/li>\n<\/ul>\n<\/div>\n<\/div>\n<\/div>\n\t\t\t\t\t\t\t\t\t\t\t<\/div>\n\t\t\t\t<\/div>\n\t\t\t\t\t\t\t\n\t\t\t\t\n\t\t\t\t<div class=\"wd-accordion-item\">\n\t\t\t\t\t<div class=\"wd-accordion-title font-primary wd-fontsize-s text-left wd-opener-pos-left wd-font-weight-600\" data-accordion-index=\"1\">\n\t\t\t\t\t\t<div class=\"wd-accordion-title-text\">\n\t\t\t\t\t\t\t\t\t\t\t\t\t\t<span>\n\t\t\t\t\t\t\t\tSISTEMAS DE DETECCI\u00d3N\t\t\t\t\t\t\t<\/span>\n\t\t\t\t\t\t<\/div>\n\t\t\t\t\t\t<span class=\"wd-accordion-opener wd-opener-style-arrow\"><\/span>\n\t\t\t\t\t<\/div>\n\n\t\t\t\t\t<div class=\"wd-accordion-content reset-last-child\" data-accordion-index=\"1\">\n\t\t\t\t\t\t\t\t\t\t\t\t\t\n<div class=\"container\">\n<div class=\"row my-5\">\n<div class=\"col-md-6 col-ms-12\">\n<h3><strong>Detection systems :<\/strong><\/h3>\n<ul>\n<li aria-level=\"1\">FALKE\u00bb Detector de metales m\u00e1s profundo para buscar oro, tesoros, metal<br \/>\ny cuevas y la identificaci\u00f3n m\u00e1s precisa de objetivos con alta concentraci\u00f3n y resultados sorprendentes.<\/li>\n<li aria-level=\"1\">Nuestra nueva tecnolog\u00eda (U-VLF) Frecuencia ultra precisa (UAF) es compatible<br \/>\ncon el sistema de muy baja frecuencia (VLF), es un m\u00e9todo cient\u00edfico moderno para detectar oro, metal y cuevas<br \/>\ncon alta precisi\u00f3n con la funci\u00f3n de Discriminaci\u00f3n entre objetivos y aislamiento de objetivos no deseados (M\u00e1scara<br \/>\ncaracter\u00edstica) Con propiedades avanzadas en este sistema, que es la identificaci\u00f3n de oro solo para buscarlo<br \/>\nsin otro metal.<\/li>\n<\/ul>\n<h3><img decoding=\"async\" style=\"color: #333333; font-size: 16px;\" src=\"https:\/\/mwf-metaldetectors.com\/wp-content\/uploads\/2021\/12\/15-2.jpg\" alt=\"\" \/><\/h3>\n<\/div>\n<\/div>\n<div class=\"row my-5\">\n<div class=\"col-md-6 col-ms-12\"><img decoding=\"async\" src=\"https:\/\/mwf-metaldetectors.com\/wp-content\/uploads\/2021\/12\/18-1.jpg\" alt=\"\" \/><\/div>\n<div class=\"col-md-6 col-ms-12\">\n<ul>\n<li aria-level=\"1\">La caracter\u00edstica de controlar el nivel de ganancia de la bobina receptora.<\/li>\n<li aria-level=\"1\">Este dispositivo contiene 4 modos de detecci\u00f3n diferentes, y cada modo tiene caracter\u00edsticas \u00fanicas.<\/li>\n<li aria-level=\"1\">Modo de b\u00fasqueda general: este modo se caracteriza por la funci\u00f3n de b\u00fasqueda precisa ultraenfocada, para detectar objetivos con alta precisi\u00f3n, determinaci\u00f3n precisa de la ubicaci\u00f3n del metal y las cuevas y la distinci\u00f3n entre ellos.<\/li>\n<li aria-level=\"1\">El sistema contiene dos ventanas de gr\u00e1ficos que muestran Metal y Cavidad y determinan el tama\u00f1o de la se\u00f1al, que indica el tama\u00f1o del objetivo, el punto de detecci\u00f3n inicial del objetivo y el punto final del objetivo.<\/li>\n<li aria-level=\"1\">Este detector cuenta con un sistema de calibraci\u00f3n de autoajuste que permite al usuario un ajuste r\u00e1pido del dispositivo con el suelo y obtener resultados \u00f3ptimos, adem\u00e1s del sistema de calibraci\u00f3n manual.<\/li>\n<\/ul>\n<\/div>\n<\/div>\n<div class=\"row my-5\">\n<div class=\"col-md-6 col-ms-12\">\n<ul>\n<li aria-level=\"1\">La funci\u00f3n de anular completamente el metal de hierro, ya que el dispositivo se detiene y no da ning\u00fan resultado de hierro.<\/li>\n<li aria-level=\"1\">La funci\u00f3n de control del nivel de sensibilidad de b\u00fasqueda, que corresponde al entorno de b\u00fasqueda para obtener los mejores resultados.<\/li>\n<li aria-level=\"1\">Modo de b\u00fasqueda del tesoro: este sistema proporciona a los buscadores resultados inmediatos para distinguir entre objetivos y determinar con precisi\u00f3n sus objetivos, ya que contiene muchas funciones que brindan informaci\u00f3n integrada sobre la identidad y el tipo del objetivo con una ventana de an\u00e1lisis gr\u00e1fico que muestra la intensidad de la se\u00f1al y el objetivo. tama\u00f1o tambi\u00e9n, adem\u00e1s del valor de frecuencia digital.<\/li>\n<\/ul>\n<\/div>\n<div class=\"col-md-6 col-ms-12\"><img decoding=\"async\" src=\"https:\/\/mwf-metaldetectors.com\/wp-content\/uploads\/2021\/12\/14-8.jpg\" alt=\"\" \/><\/div>\n<\/div>\n<div class=\"row my-5\">\n<div class=\"col-md-6 col-ms-12\"><img decoding=\"async\" src=\"https:\/\/mwf-metaldetectors.com\/wp-content\/uploads\/2021\/12\/Comp-1-0-00-33-34.png\" alt=\"\" \/><\/div>\n<div class=\"col-md-6 col-ms-12\">\n<ul>\n<li aria-level=\"1\">Modo de b\u00fasqueda de monedas: este modo se especializa en la b\u00fasqueda r\u00e1pida de monedas, oro y discriminaci\u00f3n entre ellos. Este modo permite la funci\u00f3n de ignorar objetivos no deseados y aislarlos completamente de los resultados, desactivando la funci\u00f3n de detecci\u00f3n de estos objetivos por cancelaci\u00f3n (funci\u00f3n de m\u00e1scara ) y la caracter\u00edstica de especificar la b\u00fasqueda de oro solo sin otros metales,<\/li>\n<li aria-level=\"1\">este modo tambi\u00e9n cuenta con un sistema de puntero de alto enfoque para identificar el punto de destino con alta precisi\u00f3n.<\/li>\n<li aria-level=\"1\">Modo de determinaci\u00f3n de profundidad: un sistema especializado en determinar la profundidad aproximada del objetivo, que ayuda a los buscadores a determinar la profundidad del objetivo antes de que comience la perforaci\u00f3n.<\/li>\n<\/ul>\n<\/div>\n<\/div>\n<\/div>\n\t\t\t\t\t\t\t\t\t\t\t<\/div>\n\t\t\t\t<\/div>\n\t\t\t\t\t\t\t\n\t\t\t\t\n\t\t\t\t<div class=\"wd-accordion-item\">\n\t\t\t\t\t<div class=\"wd-accordion-title font-primary wd-fontsize-s text-left wd-opener-pos-left wd-font-weight-600\" data-accordion-index=\"2\">\n\t\t\t\t\t\t<div class=\"wd-accordion-title-text\">\n\t\t\t\t\t\t\t\t\t\t\t\t\t\t<span>\n\t\t\t\t\t\t\t\tESPECIFICACIONES T\u00c9CNICAS\t\t\t\t\t\t\t<\/span>\n\t\t\t\t\t\t<\/div>\n\t\t\t\t\t\t<span class=\"wd-accordion-opener wd-opener-style-arrow\"><\/span>\n\t\t\t\t\t<\/div>\n\n\t\t\t\t\t<div class=\"wd-accordion-content reset-last-child\" data-accordion-index=\"2\">\n\t\t\t\t\t\t\t\t\t\t\t\t\t\n<div class=\"container\">\n<p><strong>RESULTS FEEDBACK:\u00a0<\/strong>Multiple audios, digital and graphic coordinates<\/p>\n<p><strong>FEEDBACK DE RESULTADOS:<\/strong>\u00a0M\u00faltiples audios, coordenadas digitales y gr\u00e1ficas<\/p>\n<table>\n<tbody>\n<tr>\n<th><strong>SISTEMA DE B\u00daSQUEDA\u00a0<\/strong><strong>:<\/strong><\/th>\n<td>Nuestra tecnolog\u00eda (U-VLF) Frecuencia ultra precisa (UAF) combinada con tecnolog\u00eda VLF.<\/td>\n<\/tr>\n<tr>\n<th><strong>PRINCIPIO DE B\u00daSQUEDA:<\/strong><\/th>\n<td>Medir y procesar datos digitales, enviando y recibiendo ondas y frecuencias ultraprecisas, y analiz\u00e1ndolas para detectar y discriminar entre metales.<\/td>\n<\/tr>\n<tr>\n<th><strong>PROCESADOR OPERATIVO:<\/strong><\/th>\n<td>MICROCONTROLADOR<\/td>\n<\/tr>\n<tr>\n<th><strong>FRECUENCIA DE B\u00daSQUEDA OPERATIVA:<\/strong><\/th>\n<td>Multifrecuencia: 14,5 kHz y 20 kHz<\/td>\n<\/tr>\n<tr>\n<th><strong>ENERG\u00cdA:<\/strong><\/th>\n<td>3 celdas Li-ion 3,7 voltios, 3000 mA, potencia de salida 7,3 voltios.<\/td>\n<\/tr>\n<tr>\n<th><strong>EL CONSUMO DE ENERG\u00cdA:<\/strong><\/th>\n<td>M\u00e1ximo de consumo 300 mA<\/td>\n<\/tr>\n<tr>\n<th><strong>DURACI\u00d3N DE LA BATER\u00cdA:<\/strong><\/th>\n<td>10 horas de trabajo<\/td>\n<\/tr>\n<tr>\n<th><strong>CARGADOR:<\/strong><\/th>\n<td>12 voltios 2 amperios \/ Tiempo de carga 2 horas<\/td>\n<\/tr>\n<tr>\n<th><strong>TIPO DE VISUALIZACI\u00d3N:<\/strong><\/th>\n<td>Pantalla TFT a color de 5\u2033<\/td>\n<\/tr>\n<tr>\n<th><strong>ESPECIALIZADOS EN DETECTOS:<\/strong><\/th>\n<td>Detecci\u00f3n de oro, metal, tesoros y cavidad<\/td>\n<\/tr>\n<tr>\n<th><strong>DISCRIMINACI\u00d3N DE OBJETIVOS:<\/strong><\/th>\n<td>S\u00ed<\/td>\n<\/tr>\n<tr>\n<th>Modos de b\u00fasqueda:<\/th>\n<td>4 modos avanzados de detecci\u00f3n de metales<\/td>\n<\/tr>\n<tr>\n<th>Balance de tierra:<\/th>\n<td>Modo de calibraci\u00f3n autom\u00e1tica \u2013 Modo de calibraci\u00f3n manual<\/td>\n<\/tr>\n<tr>\n<th>Aislamiento de hierro:<\/th>\n<td>S\u00ed, aislamiento completo de objetivos de hierro y falta de respuesta a ellos.<\/td>\n<\/tr>\n<tr>\n<th>Modo de localizaci\u00f3n:<\/th>\n<td>S\u00ed<\/td>\n<\/tr>\n<tr>\n<th>Multi lenguaje:<\/th>\n<td>S\u00ed, contiene 6 idiomas internacionales.<\/td>\n<\/tr>\n<tr>\n<th>Modos de b\u00fasqueda:<\/th>\n<td>4 modos avanzados de detecci\u00f3n de metales<\/td>\n<\/tr>\n<tr>\n<th>Control de sensibilidad:<\/th>\n<td>S\u00ed, a trav\u00e9s de m\u00faltiples niveles.<\/td>\n<\/tr>\n<tr>\n<th><strong>TEMPERATURA DE FUNCIONAMIENTO:<\/strong><\/th>\n<td>De -15\u00b0C a 60\u00b0C<\/td>\n<\/tr>\n<tr>\n<th><strong>TEMPERATURA DE ALMACENAMIENTO:<\/strong><\/th>\n<td>De -15\u00b0C a 40\u00b0C<\/td>\n<\/tr>\n<tr>\n<th><strong>HUMEDAD:<\/strong><\/th>\n<td>Se puede almacenar y trabajar en la tasa de grado de humedad del aire del nivel 90%.<\/td>\n<\/tr>\n<tr>\n<th><strong>PESO:<\/strong><\/th>\n<td>Compuesto: alrededor de 2 kg sin tabletas, con la tableta 33DD el peso pasa a ser de aproximadamente 2,65 kg, con la tableta 45D el peso pasa a ser de aproximadamente 2,90 kg \u2013 desmontado en la bolsa con todas las piezas y accesorios: 8 kg.<\/td>\n<\/tr>\n<tr>\n<th><strong>DIMENSIONES:<\/strong><\/th>\n<td>17x21x5 cm para la unidad principal<\/td>\n<\/tr>\n<tr>\n<th><strong>DIMENSIONES DE LA BOLSA:<\/strong><\/th>\n<td>26x66x51cm<\/td>\n<\/tr>\n<\/tbody>\n<\/table>\n<\/div>\n\t\t\t\t\t\t\t\t\t\t\t<\/div>\n\t\t\t\t<\/div>\n\t\t\t\t\t\t\t\n\t\t\t\t\n\t\t\t\t<div class=\"wd-accordion-item\">\n\t\t\t\t\t<div class=\"wd-accordion-title font-primary wd-fontsize-s text-left wd-opener-pos-left wd-font-weight-600\" data-accordion-index=\"3\">\n\t\t\t\t\t\t<div class=\"wd-accordion-title-text\">\n\t\t\t\t\t\t\t\t\t\t\t\t\t\t<span>\n\t\t\t\t\t\t\t\tACCESORIOS\t\t\t\t\t\t\t<\/span>\n\t\t\t\t\t\t<\/div>\n\t\t\t\t\t\t<span class=\"wd-accordion-opener wd-opener-style-arrow\"><\/span>\n\t\t\t\t\t<\/div>\n\n\t\t\t\t\t<div class=\"wd-accordion-content reset-last-child\" data-accordion-index=\"3\">\n\t\t\t\t\t\t\t\t\t\t\t\t\t\n<div class=\"container\">\n<div class=\"row\">\n<ul>\n<li>La unidad principal.<\/li>\n<li>Bobina de b\u00fasqueda DD 33 cm.<\/li>\n<li>Bobina de b\u00fasqueda DD 45cm.<\/li>\n<li>Empu\u00f1adura (mango) y eje.<\/li>\n<li>Cubierta de reposabrazos.<\/li>\n<li>Auriculares.<\/li>\n<li>Cargador el\u00e9ctrico.<\/li>\n<li>Bolsa de almacenamiento y transporte.<\/li>\n<li>Bolsa de la cubierta de la unidad principal.<\/li>\n<li>Tarjeta de garant\u00eda de 3 a\u00f1os.<\/li>\n<li>Gu\u00eda de usuario.<\/li>\n<li>DVD tutorial.<\/li>\n<\/ul>\n<div class=\"row mt-5\">\n<div class=\"col-sm\"><\/div>\n<\/div>\n<div class=\"row mt-5\">\n<div class=\"col-sm\">\n<p><img decoding=\"async\" loading=\"lazy\" class=\"tab-image mt-5\" src=\"https:\/\/old.mwf-metaldetectors.com\/wp-content\/uploads\/2021\/11\/MAIN-UNIT-1.jpg\" width=\"497\" height=\"696\" \/><\/p>\n<div class=\"accessories-title text-center \">\n<h5>Unidad principal<\/h5>\n<\/div>\n<\/div>\n<div class=\"col-sm \">\n<p><img decoding=\"async\" loading=\"lazy\" class=\"tab-image mt-5\" src=\"http:\/\/old.mwf-metaldetectors.com\/wp-content\/uploads\/2021\/11\/hand-grip-1.jpg\" width=\"497\" height=\"696\" \/><\/p>\n<div class=\"accessories-title text-center \">\n<div class=\"col-sm \">\n<div class=\"accessories-title text-center \">\n<h5>Eje<\/h5>\n<\/div>\n<\/div>\n<\/div>\n<\/div>\n<div class=\"col-sm \">\n<p><img decoding=\"async\" loading=\"lazy\" class=\"tab-image mt-5\" src=\"https:\/\/mwf-bolivia.com\/wp-content\/uploads\/2022\/11\/box-2.jpg\" width=\"497\" height=\"696\" \/><\/p>\n<div class=\"accessories-title text-center \">\n<h5>Caja llena<\/h5>\n<\/div>\n<\/div>\n<\/div>\n<div class=\"row mt-5\">\n<div class=\"col-sm \">\n<p><img decoding=\"async\" loading=\"lazy\" class=\"tab-image mt-5\" src=\"http:\/\/old.mwf-metaldetectors.com\/wp-content\/uploads\/2021\/11\/COIL-45-1.jpg\" width=\"497\" height=\"696\" \/><\/p>\n<div class=\"accessories-title text-center \">\n<h5>BOBINA 33DD<\/h5>\n<\/div>\n<\/div>\n<div class=\"col-sm \">\n<div class=\"accessories-title text-center \">\n<p><img decoding=\"async\" loading=\"lazy\" class=\"tab-image mt-5\" src=\"http:\/\/old.mwf-metaldetectors.com\/wp-content\/uploads\/2021\/11\/COIL-35-1.jpg\" width=\"497\" height=\"696\" \/><\/p>\n<h5>BOBINA 45DD<\/h5>\n<\/div>\n<\/div>\n<div class=\"col-sm \">\n<p><img decoding=\"async\" loading=\"lazy\" class=\"tab-image mt-5\" src=\"https:\/\/mwf-bolivia.com\/wp-content\/uploads\/2022\/11\/shaft-cover-2.jpg\" width=\"497\" height=\"696\" \/><\/p>\n<div class=\"accessories-title text-center \">\n<div class=\"col-sm \">\n<div class=\"accessories-title text-center \">\n<h5>Cubierta del eje<\/h5>\n<\/div>\n<\/div>\n<\/div>\n<\/div>\n<\/div>\n<\/div>\n<div class=\"row mt-5\">\n<div class=\"col-sm \">\n<p><img decoding=\"async\" loading=\"lazy\" class=\"tab-image mt-5\" src=\"https:\/\/old.mwf-metaldetectors.com\/wp-content\/uploads\/2021\/11\/headphones-1.jpg\" width=\"497\" height=\"696\" \/><\/p>\n<div class=\"accessories-title text-center \">\n<h5>Auricular<\/h5>\n<\/div>\n<\/div>\n<div class=\"col-sm \">\n<div class=\"accessories-title text-center \">\n<p><img decoding=\"async\" loading=\"lazy\" class=\"tab-image mt-5\" src=\"https:\/\/old.mwf-metaldetectors.com\/wp-content\/uploads\/2021\/11\/charger-2.jpg\" width=\"497\" height=\"696\" \/><\/p>\n<h5>Cargador<\/h5>\n<\/div>\n<\/div>\n<div class=\"col-sm \">\n<div class=\"accessories-title text-center \">\n<p><img decoding=\"async\" loading=\"lazy\" class=\"tab-image mt-5\" src=\"https:\/\/old.mwf-metaldetectors.com\/wp-content\/uploads\/2021\/11\/FULL-BAG-1.jpg\" width=\"497\" height=\"696\" \/><\/p>\n<div class=\"col-sm \">\n<div class=\"accessories-title text-center \">\n<h5>Bolsa llena<\/h5>\n<\/div>\n<\/div>\n<div class=\"col-sm \">\n<div class=\"accessories-title text-center \">\n<p><img decoding=\"async\" loading=\"lazy\" class=\"tab-image mt-5\" src=\"https:\/\/old.mwf-metaldetectors.com\/wp-content\/uploads\/2021\/11\/MAIN-UNIT-BAG.jpg\" width=\"497\" height=\"696\" \/><\/p>\n<h5>Cubierta de la unidad principal<\/h5>\n<\/div>\n<\/div>\n<\/div>\n<\/div>\n<\/div>\n<\/div>\n\t\t\t\t\t\t\t\t\t\t\t<\/div>\n\t\t\t\t<\/div>\n\t\t\t\t\t\t\t\n\t\t\t\t\n\t\t\t\t<div class=\"wd-accordion-item\">\n\t\t\t\t\t<div class=\"wd-accordion-title font-primary wd-fontsize-s text-left wd-opener-pos-left wd-font-weight-600\" data-accordion-index=\"4\">\n\t\t\t\t\t\t<div class=\"wd-accordion-title-text\">\n\t\t\t\t\t\t\t\t\t\t\t\t\t\t<span>\n\t\t\t\t\t\t\t\tMANUAL DE USUARIO\t\t\t\t\t\t\t<\/span>\n\t\t\t\t\t\t<\/div>\n\t\t\t\t\t\t<span class=\"wd-accordion-opener wd-opener-style-arrow\"><\/span>\n\t\t\t\t\t<\/div>\n\n\t\t\t\t\t<div class=\"wd-accordion-content reset-last-child\" data-accordion-index=\"4\">\n\t\t\t\t\t\t\t\t\t\t\t\t\t\n<div class=\"container\">\n<p>Para leer o descargar el libro, haga clic<span style=\"color: #0000ff;\"> aqu\u00ed<\/span><\/p>\n<div class=\"col-md-12 col-ms-12 text-center user-img\">\n<p><a href=\"https:\/\/mwf-metaldetectors.com\/user-manual\/vogel\/en\/Falken.pdf\" target=\"_blank\" rel=\"noopener\"><img decoding=\"async\" loading=\"lazy\" class=\"alignnone\" src=\"http:\/\/mwf-metaldetectors.com\/wp-content\/uploads\/2021\/11\/VOGEL-en-1.png\" alt=\"\" width=\"484\" height=\"425\" \/><\/a><\/p>\n<\/div>\n<\/div>\n\t\t\t\t\t\t\t\t\t\t\t<\/div>\n\t\t\t\t<\/div>\n\t\t\t\t\t\t\t\t\t\t\t\t\t\t<\/div>\n\n\t\t[\/vc_column][\/vc_row]<\/p>\n<\/section>","protected":false},"excerpt":{"rendered":"<p>[vc_row woodmart_css_id=\u00bb6380db64924c3&#8243; responsive_spacing=\u00bbeyJwYXJhbV90eXBlIjoid29vZG1hcnRfcmVzcG9uc2l2ZV9zcGFjaW5nIiwic2VsZWN0b3JfaWQiOiI2MzgwZGI2NDkyNGMzIiwic2hvcnRjb2RlIjoidmNfcm93IiwiZGF0YSI6eyJ0YWJsZXQiOnt9LCJtb2JpbGUiOnt9fX0=\u00bb mobile_bg_img_hidden=\u00bbno\u00bb tablet_bg_img_hidden=\u00bbno\u00bb woodmart_parallax=\u00bb0&#8243; woodmart_gradient_switch=\u00bbno\u00bb woodmart_box_shadow=\u00bbno\u00bb wd_z_index=\u00bbno\u00bb woodmart_disable_overflow=\u00bb0&#8243; row_reverse_mobile=\u00bb0&#8243; row_reverse_tablet=\u00bb0&#8243;][vc_column][\/vc_column][\/vc_row]<\/p>\n","protected":false},"featured_media":10570,"comment_status":"closed","ping_status":"closed","template":"","meta":{"content-type":""},"product_cat":[148,139,141,153,191,156],"product_tag":[],"_links":{"self":[{"href":"https:\/\/mwf-bolivia.com\/es\/wp-json\/wp\/v3\/product\/10194"}],"collection":[{"href":"https:\/\/mwf-bolivia.com\/es\/wp-json\/wp\/v3\/product"}],"about":[{"href":"https:\/\/mwf-bolivia.com\/es\/wp-json\/wp\/v2\/types\/product"}],"replies":[{"embeddable":true,"href":"https:\/\/mwf-bolivia.com\/es\/wp-json\/wp\/v2\/comments?post=10194"}],"wp:featuredmedia":[{"embeddable":true,"href":"https:\/\/mwf-bolivia.com\/es\/wp-json\/wp\/v2\/media\/10570"}],"wp:attachment":[{"href":"https:\/\/mwf-bolivia.com\/es\/wp-json\/wp\/v2\/media?parent=10194"}],"wp:term":[{"taxonomy":"product_cat","embeddable":true,"href":"https:\/\/mwf-bolivia.com\/es\/wp-json\/wp\/v2\/product_cat?post=10194"},{"taxonomy":"product_tag","embeddable":true,"href":"https:\/\/mwf-bolivia.com\/es\/wp-json\/wp\/v2\/product_tag?post=10194"}],"curies":[{"name":"wp","href":"https:\/\/api.w.org\/{rel}","templated":true}]}}