{"id":10201,"date":"2022-11-16T12:56:08","date_gmt":"2022-11-16T12:56:08","guid":{"rendered":"https:\/\/mwf-bolivia.com\/product\/gold-radar\/"},"modified":"2022-12-13T13:29:23","modified_gmt":"2022-12-13T13:29:23","slug":"gold-radar","status":"publish","type":"product","link":"https:\/\/mwf-bolivia.com\/es\/producto\/gold-radar\/","title":{"rendered":"GOLD RADAR"},"content":{"rendered":"<section class=\"wpb-content-wrapper\"><p>[vc_row woodmart_css_id=\u00bb6380db64924c3&#8243; responsive_spacing=\u00bbeyJwYXJhbV90eXBlIjoid29vZG1hcnRfcmVzcG9uc2l2ZV9zcGFjaW5nIiwic2VsZWN0b3JfaWQiOiI2MzgwZGI2NDkyNGMzIiwic2hvcnRjb2RlIjoidmNfcm93IiwiZGF0YSI6eyJ0YWJsZXQiOnt9LCJtb2JpbGUiOnt9fX0=\u00bb mobile_bg_img_hidden=\u00bbno\u00bb tablet_bg_img_hidden=\u00bbno\u00bb woodmart_parallax=\u00bb0&#8243; woodmart_gradient_switch=\u00bbno\u00bb woodmart_box_shadow=\u00bbno\u00bb wd_z_index=\u00bbno\u00bb woodmart_disable_overflow=\u00bb0&#8243; row_reverse_mobile=\u00bb0&#8243; row_reverse_tablet=\u00bb0&#8243;][vc_column]\n\t\t<div id=\"wd-637e341d284e0\" class=\"wd-accordion wd-wpb wd-rs-637e341d284e0  wd-style-default\" data-state=\"first\">\n\t\t\t\t\t\t\t\n\t\t\t\t\n\t\t\t\t<div class=\"wd-accordion-item\">\n\t\t\t\t\t<div class=\"wd-accordion-title wd-active font-primary wd-fontsize-s text-left wd-opener-pos-left wd-font-weight-600\" data-accordion-index=\"0\">\n\t\t\t\t\t\t<div class=\"wd-accordion-title-text\">\n\t\t\t\t\t\t\t\t\t\t\t\t\t\t<span>\n\t\t\t\t\t\t\t\tDESCRIPCI\u00d3N\t\t\t\t\t\t\t<\/span>\n\t\t\t\t\t\t<\/div>\n\t\t\t\t\t\t<span class=\"wd-accordion-opener wd-opener-style-arrow\"><\/span>\n\t\t\t\t\t<\/div>\n\n\t\t\t\t\t<div class=\"wd-accordion-content reset-last-child wd-active\" data-accordion-index=\"0\">\n\t\t\t\t\t\t\t\t\t\t\t\t\t\n<div class=\"container\">\n<p>&nbsp;<\/p>\n<h4>Gold Detector Device\u201d sistema de detecci\u00f3n i\u00f3nico y de radar incorporado para detectar y buscar oro subterr\u00e1neo Gold Radar<\/h4>\n<blockquote><p>\n\u00a0nueva innovaci\u00f3n cient\u00edfica en el mundo de los dispositivos de detecci\u00f3n y exploraci\u00f3n de oro, Gold Radar es el resultado de muchas pruebas y estudios prolongados, que duraron m\u00e1s de tres a\u00f1os. Gold Radar es uno de los dispositivos m\u00e1s f\u00e1ciles de usar en el software, m\u00e1s r\u00e1pido y m\u00e1s preciso para detectar la ubicaci\u00f3n del objetivo.\n<\/p><\/blockquote>\n<div class=\"row flex-column-reverse flex-lg-row\">\n<div class=\"col-md-6 col-ms-12 \">\n<ul>\n<li>Sistema de radar inteligente de alta precisi\u00f3n y rendimiento de las t\u00e9cnicas de detecci\u00f3n y b\u00fasqueda.<\/li>\n<li>Detector inteligente con modernas t\u00e9cnicas de operaci\u00f3n y detecci\u00f3n para detectar y buscar oro enterrado bajo tierra.<\/li>\n<li>Nueva y sofisticada innovaci\u00f3n cient\u00edfica en el mundo de los dispositivos de detecci\u00f3n i\u00f3nica y por radar especializados en la detecci\u00f3n de oro.<\/li>\n<li>La pantalla t\u00e1ctil a color TFT HD de 3,2 pulgadas brinda al usuario una visi\u00f3n clara de d\u00eda y de noche.<\/li>\n<li>El dispositivo le da al usuario m\u00faltiples resultados, que consisten en lo siguiente:<\/li>\n<\/ul>\n<ol>\n<li>Interfaz del sistema de detecci\u00f3n de radar a trav\u00e9s de una detecci\u00f3n de radar avanzada.<\/li>\n<li>Dibujar los puntos y ubicaciones de los objetivos en la pantalla del radar.<\/li>\n<li>Aclare el tama\u00f1o del objetivo dibujando el alcance de la se\u00f1al en los sistemas de pantalla.<\/li>\n<li>Indicador interactivo ac\u00fastico, interact\u00faa hacia arriba cada vez que se acerca al centro del punto del objetivo.<\/li>\n<li>Sistema de vibraci\u00f3n. Opcional, para que el usuario pueda ejecutar la alarma de vibraci\u00f3n al punto central del objetivo.<\/li>\n<li>Selecci\u00f3n de interfaz para el tipo de lugar que desea buscar:<br \/>\n\u2013 Buscar en zonas monta\u00f1osas.- Buscar dentro de las casas antiguas.- Buscar utilizando el coche.<\/li>\n<\/ol>\n<ul>\n<li>La configuraci\u00f3n de la interfaz inteligente le brinda un control completo de la configuraci\u00f3n de los programas del dispositivo.<\/li>\n<li>El dispositivo es compatible con un reloj digital, para ver la hora clara, con una interfaz de configuraci\u00f3n de hora y fecha.<\/li>\n<li>Puede usar el dispositivo dentro del autom\u00f3vil mientras conduce o tambi\u00e9n conduciendo una motocicleta, porque las longitudes de onda del dispositivo responden a la velocidad y pueden analizar las se\u00f1ales de datos muy r\u00e1pidamente.<\/li>\n<li>F\u00e1cil de trabajar y de usar cualquiera puede usarlo.<\/li>\n<li>El dispositivo se caracteriza por su peque\u00f1o tama\u00f1o, ayuda en la facilidad de movimiento y trabajo en \u00e1reas cr\u00edticas.<\/li>\n<li>Sistemas internos de filtrado de se\u00f1ales, para evitar confusiones derivadas de la presencia en el aire de frecuencias de ondas de radio de alto rango, que afectan a muchos otros dispositivos.<\/li>\n<li>Un sistema para enviar y recibir la se\u00f1al, el avanzado y preciso (HSW), que es exclusivo del Grupo MWF, a trav\u00e9s de los estudios y procesos de desarrollo moderno en forma de se\u00f1al y cargado en un camino de ondas de alta sensibilidad.<\/li>\n<\/ul>\n<\/div>\n<div class=\"col-md-6 col-ms-12\">\n<div class=\"tab-image\"><img decoding=\"async\" src=\"https:\/\/old.mwf-metaldetectors.com\/wp-content\/uploads\/products\/gold-radar\/en\/big-main-image-en.jpg\" alt=\"gold-radar\" \/><\/div>\n<\/div>\n<div class=\"col-md-12 col-ms-12\">\n<ul>\n<li>Automatic Tuning System (ATS) Invenci\u00f3n especial y nueva, registrada a favor de MWF GROUP, este sistema brinda resultados precisos y certeros en todo tipo de suelos y terrenos, debido a que el sistema reconoce el suelo autom\u00e1ticamente, otorga al proceso de b\u00fasqueda una sintonizaci\u00f3n autom\u00e1tica acorde con el tipo del suelo y las propiedades del suelo, con la eliminaci\u00f3n de cualquier superposici\u00f3n de radiaci\u00f3n resultante del efecto de territorio rocoso y monta\u00f1oso, que puede afectar a muchos otros detectores, pero este sistema inteligente puede clasificar y analizar y proporcionar los niveles necesarios que se relacionan con se\u00f1al de frecuencia, voltaje y longitud de onda de la se\u00f1al que da resultados libres de errores.<\/li>\n<li>Alta calidad y desempe\u00f1o preciso, fabricando este producto con los mejores elast\u00f3meros, componentes electr\u00f3nicos y circuitos con est\u00e1ndares internacionales.<\/li>\n<li>Ligereza, que ayuda al usuario a realizar el trabajo sin esfuerzo ni cansancio.<\/li>\n<\/ul>\n<\/div>\n<\/div>\n<\/div>\n\t\t\t\t\t\t\t\t\t\t\t<\/div>\n\t\t\t\t<\/div>\n\t\t\t\t\t\t\t\n\t\t\t\t\n\t\t\t\t<div class=\"wd-accordion-item\">\n\t\t\t\t\t<div class=\"wd-accordion-title font-primary wd-fontsize-s text-left wd-opener-pos-left wd-font-weight-600\" data-accordion-index=\"1\">\n\t\t\t\t\t\t<div class=\"wd-accordion-title-text\">\n\t\t\t\t\t\t\t\t\t\t\t\t\t\t<span>\n\t\t\t\t\t\t\t\tESPECIFICACIONES T\u00c9CNICAS\t\t\t\t\t\t\t<\/span>\n\t\t\t\t\t\t<\/div>\n\t\t\t\t\t\t<span class=\"wd-accordion-opener wd-opener-style-arrow\"><\/span>\n\t\t\t\t\t<\/div>\n\n\t\t\t\t\t<div class=\"wd-accordion-content reset-last-child\" data-accordion-index=\"1\">\n\t\t\t\t\t\t\t\t\t\t\t\t\t\n<div class=\"container\">\n<div class=\"col-md-12 col-ms-12\">\n<h4>El dispositivo de radar de oro funciona en un sistema de detecci\u00f3n de radar incorporado, para detectar y buscar ionizaci\u00f3n radiactiva del oro enterrado bajo tierra.<\/h4>\n<p>El dispositivo funciona con sistemas operativos y de detecci\u00f3n inteligentes, a trav\u00e9s de interfaces profesionales de clarificaci\u00f3n y control, tambi\u00e9n respaldado por muchas ventajas y caracter\u00edsticas que lo convierten en el primero y mejor de su tipo a nivel mundial, el dispositivo brinda al usuario resultados ac\u00fasticos confiables y radar gr\u00e1fico y resultados visibles en la pantalla a la direcci\u00f3n del objetivo y es a trav\u00e9s del aumento en los niveles de sonido e indicadores gr\u00e1ficos, tambi\u00e9n pinta los sitios de objetivos en la pantalla del radar y localiza una direcci\u00f3n, a trav\u00e9s de alta concentraci\u00f3n por sistema de detecci\u00f3n de radar y la capacidad de detectar los sitios de objetivos y guiar al usuario con datos muy claros e integrados sobre el objetivo.<\/p>\n<\/div>\n<div class=\"row\">\n<div class=\"col-md-6 col-ms-12\">\n<div class=\"tab-image mb-3\"><img decoding=\"async\" src=\"https:\/\/old.mwf-metaldetectors.com\/wp-content\/uploads\/products\/gold-radar\/en\/2.jpg\" alt=\"\" \/><\/div>\n<\/div>\n<div class=\"col-md-6 col-ms-12\">\n<div class=\"tab-image mb-3\"><img decoding=\"async\" src=\"https:\/\/old.mwf-metaldetectors.com\/wp-content\/uploads\/products\/gold-radar\/en\/3.jpg\" alt=\"\" \/><\/div>\n<\/div>\n<\/div>\n<\/div>\n\t\t\t\t\t\t\t\t\t\t\t<\/div>\n\t\t\t\t<\/div>\n\t\t\t\t\t\t\t\n\t\t\t\t\n\t\t\t\t<div class=\"wd-accordion-item\">\n\t\t\t\t\t<div class=\"wd-accordion-title font-primary wd-fontsize-s text-left wd-opener-pos-left wd-font-weight-600\" data-accordion-index=\"2\">\n\t\t\t\t\t\t<div class=\"wd-accordion-title-text\">\n\t\t\t\t\t\t\t\t\t\t\t\t\t\t<span>\n\t\t\t\t\t\t\t\tTECHNICAL SPECIFICATIONS\t\t\t\t\t\t\t<\/span>\n\t\t\t\t\t\t<\/div>\n\t\t\t\t\t\t<span class=\"wd-accordion-opener wd-opener-style-arrow\"><\/span>\n\t\t\t\t\t<\/div>\n\n\t\t\t\t\t<div class=\"wd-accordion-content reset-last-child\" data-accordion-index=\"2\">\n\t\t\t\t\t\t\t\t\t\t\t\t\t\n<div class=\"container\">\n<table>\n<tbody>\n<tr>\n<th>Sistema de b\u00fasqueda:<\/th>\n<td>Radar integrado y sistema de b\u00fasqueda i\u00f3nica<\/td>\n<\/tr>\n<tr>\n<th>Principio de investigaci\u00f3n:<\/th>\n<td>Procesamiento de niveles y se\u00f1ales de ionizaci\u00f3n de radiaci\u00f3n para detectar oro.<\/td>\n<\/tr>\n<tr>\n<th>Procesador de operaci\u00f3n:<\/th>\n<td>MICROCONTLLER PIC18 &amp; ARM 7<\/td>\n<\/tr>\n<tr>\n<th>Frecuencia operativa de detecci\u00f3n:<\/th>\n<td>50 kHz<\/td>\n<\/tr>\n<tr>\n<th>energ\u00eda:<\/th>\n<td>2 celdas de iones de litio, 3,7 V, salida de potencia de 3600 mAh \/ 12 V<\/td>\n<\/tr>\n<tr>\n<th>Consumo de energ\u00eda:<\/th>\n<td>El consumo m\u00e1ximo es 350 mA<\/td>\n<\/tr>\n<tr>\n<th>Horas de la bater\u00eda:<\/th>\n<td>8 horas de trabajo<\/td>\n<\/tr>\n<tr>\n<th>Cargador:<\/th>\n<td>5,1 voltios 3 amperios \/ tiempo de carga 3 horas<\/td>\n<\/tr>\n<tr>\n<th>Tipo de visualizaci\u00f3n:<\/th>\n<td>Pantalla a color TFT de 4.3 pulgadas, procesamiento de color 65.536 GPU CDMA de 48MHz<\/td>\n<\/tr>\n<tr>\n<th>El especialista detecta:<\/th>\n<td>oro<\/td>\n<\/tr>\n<tr>\n<th>Distinguir entre objetivos:<\/th>\n<td>Si, solo detecta oro<\/td>\n<\/tr>\n<tr>\n<th>B\u00fasqueda de profundidad:<\/th>\n<td>50 metros<\/td>\n<\/tr>\n<tr>\n<th>Distancia de b\u00fasqueda:<\/th>\n<td>100 metros<\/td>\n<\/tr>\n<tr>\n<th>Resultados de la investigacion:<\/th>\n<td>A trav\u00e9s de indicadores de audio e interfaces de radar ilustrativos y pict\u00f3ricos.<\/td>\n<\/tr>\n<tr>\n<th>Sistema de guiado autom\u00e1tico e inteligente:<\/th>\n<td>S\u00ed, a trav\u00e9s de la interfaz gr\u00e1fica que indica la ubicaci\u00f3n y direcci\u00f3n del objetivo, adem\u00e1s de alertas de audio<\/td>\n<\/tr>\n<tr>\n<th>Alertas de voz:<\/th>\n<td>Si<\/td>\n<\/tr>\n<tr>\n<th>Alerta con vibraci\u00f3n:<\/th>\n<td>Si<\/td>\n<\/tr>\n<tr>\n<th>Temperatura de funcionamiento:<\/th>\n<td>De -15 \u00b0 C a 60 \u00b0 C<\/td>\n<\/tr>\n<tr>\n<th>temperatura:<\/th>\n<td>De -15 \u00b0 C a 40 \u00b0 C<\/td>\n<\/tr>\n<tr>\n<th>Temperatura de almacenamiento:<\/th>\n<td>Se puede almacenar y trabajar con un nivel de humedad del 90%.<\/td>\n<\/tr>\n<tr>\n<th>el peso:<\/th>\n<td>Compuesto: 1 kg \u2013 desmontado en la bolsa: 3 kg<\/td>\n<\/tr>\n<tr>\n<th>Dimensiones:<\/th>\n<td>19X13X5 cm<\/td>\n<\/tr>\n<tr>\n<th>Dimensiones de la bolsa:<\/th>\n<td>40X33X17 cm<\/td>\n<\/tr>\n<\/tbody>\n<\/table>\n<\/div>\n\t\t\t\t\t\t\t\t\t\t\t<\/div>\n\t\t\t\t<\/div>\n\t\t\t\t\t\t\t\n\t\t\t\t\n\t\t\t\t<div class=\"wd-accordion-item\">\n\t\t\t\t\t<div class=\"wd-accordion-title font-primary wd-fontsize-s text-left wd-opener-pos-left wd-font-weight-600\" data-accordion-index=\"3\">\n\t\t\t\t\t\t<div class=\"wd-accordion-title-text\">\n\t\t\t\t\t\t\t\t\t\t\t\t\t\t<span>\n\t\t\t\t\t\t\t\tACCESORIOS\t\t\t\t\t\t\t<\/span>\n\t\t\t\t\t\t<\/div>\n\t\t\t\t\t\t<span class=\"wd-accordion-opener wd-opener-style-arrow\"><\/span>\n\t\t\t\t\t<\/div>\n\n\t\t\t\t\t<div class=\"wd-accordion-content reset-last-child\" data-accordion-index=\"3\">\n\t\t\t\t\t\t\t\t\t\t\t\t\t\n<div class=\"container\">\n<p><!-- #1row --><\/p>\n<div class=\"row\">\n<div class=\"col-sm \">\n<p><img decoding=\"async\" loading=\"lazy\" class=\"tab-image mt-5\" src=\"https:\/\/old.mwf-metaldetectors.com\/wp-content\/uploads\/products\/gold-radar\/en\/main-unit-en.jpg\" width=\"497\" height=\"696\" \/><\/p>\n<div class=\"accessories-title text-center \">\n<h5>Unidad principal<\/h5>\n<\/div>\n<\/div>\n<div class=\"col-sm \">\n<p><img decoding=\"async\" loading=\"lazy\" class=\"tab-image mt-5\" src=\"https:\/\/old.mwf-metaldetectors.com\/wp-content\/uploads\/products\/gold-radar\/en\/6.jpg\" width=\"497\" height=\"696\" \/><\/p>\n<div class=\"accessories-title text-center \">\n<div class=\"col-sm \">\n<div class=\"accessories-title text-center \">\n<h5>Sensor de radar i\u00f3nico<\/h5>\n<\/div>\n<\/div>\n<\/div>\n<\/div>\n<div class=\"col-sm \">\n<p><img decoding=\"async\" loading=\"lazy\" class=\"tab-image mt-5\" src=\"https:\/\/old.mwf-metaldetectors.com\/wp-content\/uploads\/products\/gold-radar\/en\/5.jpg\" width=\"497\" height=\"696\" \/><\/p>\n<div class=\"accessories-title text-center \">\n<div class=\"col-sm \">\n<div class=\"accessories-title text-center \">\n<h5>Auricular<\/h5>\n<\/div>\n<\/div>\n<\/div>\n<\/div>\n<div class=\"col-sm\">\n<p><img decoding=\"async\" loading=\"lazy\" class=\"tab-image mt-5\" src=\"https:\/\/old.mwf-metaldetectors.com\/wp-content\/uploads\/products\/gold-radar\/en\/4.jpg\" width=\"497\" height=\"696\" \/><\/p>\n<div class=\"accessories-title text-center \">\n<div class=\"wd-tab-wrapper\">\n<div id=\"tab-accesorios\" class=\"woocommerce-Tabs-panel woocommerce-Tabs-panel--accesorios panel entry-content wc-tab\">\n<div class=\"wc-tab-inner \">\n<div class=\"\">\n<div class=\"container\">\n<div class=\"row\">\n<div class=\"col-sm\">\n<div class=\"accessories-title text-center \">\n<h5>Cargador<\/h5>\n<\/div>\n<\/div>\n<\/div>\n<\/div>\n<\/div>\n<\/div>\n<\/div>\n<\/div>\n<\/div>\n<\/div>\n<\/div>\n<\/div>\n\t\t\t\t\t\t\t\t\t\t\t<\/div>\n\t\t\t\t<\/div>\n\t\t\t\t\t\t\t\n\t\t\t\t\n\t\t\t\t<div class=\"wd-accordion-item\">\n\t\t\t\t\t<div class=\"wd-accordion-title font-primary wd-fontsize-s text-left wd-opener-pos-left wd-font-weight-600\" data-accordion-index=\"4\">\n\t\t\t\t\t\t<div class=\"wd-accordion-title-text\">\n\t\t\t\t\t\t\t\t\t\t\t\t\t\t<span>\n\t\t\t\t\t\t\t\tMANUAL DE USUARIO\t\t\t\t\t\t\t<\/span>\n\t\t\t\t\t\t<\/div>\n\t\t\t\t\t\t<span class=\"wd-accordion-opener wd-opener-style-arrow\"><\/span>\n\t\t\t\t\t<\/div>\n\n\t\t\t\t\t<div class=\"wd-accordion-content reset-last-child\" data-accordion-index=\"4\">\n\t\t\t\t\t\t\t\t\t\t\t\t\t\n<div class=\"container\">\n<div class=\"col-md-12 col-ms-12 user-text\">Para leer o descargar el libro, haga clic en\u00a0<a href=\"https:\/\/mwf-metaldetectors.com\/user-manual\/es\/Gold_radar_SP%20READ.pdf\">aqu\u00ed<\/a><\/div>\n<div class=\"col-md-12 col-ms-12 text-center user-img\">\n<div><a href=\"https:\/\/mwf-metaldetectors.com\/user-manual\/en\/gold-radar.pdf\" target=\"_blank\" rel=\"noopener\"><br \/>\n<img decoding=\"async\" class=\"tab-image mt-5 aligncenter\" src=\"https:\/\/mwf-metaldetectors.com\/user-manual\/en\/gold-radar.jpg\" alt=\"\" \/><br \/>\n<\/a><\/div>\n<\/div>\n<\/div>\n\t\t\t\t\t\t\t\t\t\t\t<\/div>\n\t\t\t\t<\/div>\n\t\t\t\t\t\t\t\t\t\t\t\t\t\t<\/div>\n\n\t\t[\/vc_column][\/vc_row]<\/p>\n<\/section>","protected":false},"excerpt":{"rendered":"<p>[vc_row woodmart_css_id=\u00bb6380db64924c3&#8243; responsive_spacing=\u00bbeyJwYXJhbV90eXBlIjoid29vZG1hcnRfcmVzcG9uc2l2ZV9zcGFjaW5nIiwic2VsZWN0b3JfaWQiOiI2MzgwZGI2NDkyNGMzIiwic2hvcnRjb2RlIjoidmNfcm93IiwiZGF0YSI6eyJ0YWJsZXQiOnt9LCJtb2JpbGUiOnt9fX0=\u00bb mobile_bg_img_hidden=\u00bbno\u00bb tablet_bg_img_hidden=\u00bbno\u00bb woodmart_parallax=\u00bb0&#8243; woodmart_gradient_switch=\u00bbno\u00bb woodmart_box_shadow=\u00bbno\u00bb wd_z_index=\u00bbno\u00bb woodmart_disable_overflow=\u00bb0&#8243; row_reverse_mobile=\u00bb0&#8243; row_reverse_tablet=\u00bb0&#8243;][vc_column][\/vc_column][\/vc_row]<\/p>\n","protected":false},"featured_media":9138,"comment_status":"closed","ping_status":"closed","template":"","meta":{"content-type":""},"product_cat":[141,178,191],"product_tag":[],"_links":{"self":[{"href":"https:\/\/mwf-bolivia.com\/es\/wp-json\/wp\/v3\/product\/10201"}],"collection":[{"href":"https:\/\/mwf-bolivia.com\/es\/wp-json\/wp\/v3\/product"}],"about":[{"href":"https:\/\/mwf-bolivia.com\/es\/wp-json\/wp\/v2\/types\/product"}],"replies":[{"embeddable":true,"href":"https:\/\/mwf-bolivia.com\/es\/wp-json\/wp\/v2\/comments?post=10201"}],"wp:featuredmedia":[{"embeddable":true,"href":"https:\/\/mwf-bolivia.com\/es\/wp-json\/wp\/v2\/media\/9138"}],"wp:attachment":[{"href":"https:\/\/mwf-bolivia.com\/es\/wp-json\/wp\/v2\/media?parent=10201"}],"wp:term":[{"taxonomy":"product_cat","embeddable":true,"href":"https:\/\/mwf-bolivia.com\/es\/wp-json\/wp\/v2\/product_cat?post=10201"},{"taxonomy":"product_tag","embeddable":true,"href":"https:\/\/mwf-bolivia.com\/es\/wp-json\/wp\/v2\/product_tag?post=10201"}],"curies":[{"name":"wp","href":"https:\/\/api.w.org\/{rel}","templated":true}]}}