{"id":10258,"date":"2022-11-16T12:56:08","date_gmt":"2022-11-16T12:56:08","guid":{"rendered":"https:\/\/mwf-bolivia.com\/product\/gf-1000\/"},"modified":"2022-12-13T13:00:25","modified_gmt":"2022-12-13T13:00:25","slug":"gf-1000","status":"publish","type":"product","link":"https:\/\/mwf-bolivia.com\/es\/producto\/gf-1000\/","title":{"rendered":"GF 1000"},"content":{"rendered":"<section class=\"wpb-content-wrapper\"><p>[vc_row woodmart_css_id=\u00bb6380db64924c3&#8243; responsive_spacing=\u00bbeyJwYXJhbV90eXBlIjoid29vZG1hcnRfcmVzcG9uc2l2ZV9zcGFjaW5nIiwic2VsZWN0b3JfaWQiOiI2MzgwZGI2NDkyNGMzIiwic2hvcnRjb2RlIjoidmNfcm93IiwiZGF0YSI6eyJ0YWJsZXQiOnt9LCJtb2JpbGUiOnt9fX0=\u00bb mobile_bg_img_hidden=\u00bbno\u00bb tablet_bg_img_hidden=\u00bbno\u00bb woodmart_parallax=\u00bb0&#8243; woodmart_gradient_switch=\u00bbno\u00bb woodmart_box_shadow=\u00bbno\u00bb wd_z_index=\u00bbno\u00bb woodmart_disable_overflow=\u00bb0&#8243; row_reverse_mobile=\u00bb0&#8243; row_reverse_tablet=\u00bb0&#8243;][vc_column]\n\t\t<div id=\"wd-637e341d284e0\" class=\"wd-accordion wd-wpb wd-rs-637e341d284e0  wd-style-default\" data-state=\"first\">\n\t\t\t\t\t\t\t\n\t\t\t\t\n\t\t\t\t<div class=\"wd-accordion-item\">\n\t\t\t\t\t<div class=\"wd-accordion-title wd-active font-primary wd-fontsize-s text-left wd-opener-pos-left wd-font-weight-600\" data-accordion-index=\"0\">\n\t\t\t\t\t\t<div class=\"wd-accordion-title-text\">\n\t\t\t\t\t\t\t\t\t\t\t\t\t\t<span>\n\t\t\t\t\t\t\t\tGeneral Features\t\t\t\t\t\t\t<\/span>\n\t\t\t\t\t\t<\/div>\n\t\t\t\t\t\t<span class=\"wd-accordion-opener wd-opener-style-arrow\"><\/span>\n\t\t\t\t\t<\/div>\n\n\t\t\t\t\t<div class=\"wd-accordion-content reset-last-child wd-active\" data-accordion-index=\"0\">\n\t\t\t\t\t\t\t\t\t\t\t\t\t\n<div class=\"container\">\n<h4>GF 1000 (detector de 33 elementos) es el primero de su tipo y el \u00faltimo en el mundo en detectar riqueza mineral<\/h4>\n<blockquote><p>\npiedras preciosas y rarezas en el suelo, este dispositivo trabaja en t\u00e9cnicas avanzadas de detecci\u00f3n y exploraci\u00f3n para detectar y buscar 33 elementos diferentes en el suelo de oro, diamantes y minerales, esto fue desarrollado El dispositivo estaba equipado en gran parte con sistemas de detecci\u00f3n m\u00e1s all\u00e1 de la imaginaci\u00f3n, y se realizaron muchos experimentos y pruebas en \u00c1frica, Am\u00e9rica Latina y el Medio Oriente, y logr\u00f3 \u00e9xitos impresionantes y fue una de las principales razones para extraer toneladas de metales preciosos y piedras preciosas raras, este dispositivo detecta objetivos a una profundidad de 200 metros bajo tierra y detecta Objetivos desde una distancia de hasta 2500 metros,\n<\/p><\/blockquote>\n<div class=\"row flex-column-reverse flex-lg-row\">\n<div class=\"col-md-6 col-ms-12 \">\n<ul>\n<li>El GF 1000 tiene grandes capacidades, caracter\u00edsticas y m\u00faltiples funciones que lo convierten en el primer dispositivo de confianza en iniciar una operaci\u00f3n de exploraci\u00f3n exitosa.<\/li>\n<li>Un dispositivo que se especializa en la b\u00fasqueda y detecci\u00f3n de oro, diamantes, piedras preciosas, minerales y rarezas minerales.<\/li>\n<li>Gran precisi\u00f3n sin igual en la identificaci\u00f3n y detecci\u00f3n de objetivos y asegur\u00e1ndose de la existencia del objetivo y asegur\u00e1ndose de que sea 100% sin errores.<\/li>\n<li>Gran velocidad en proporcionar resultados al usuario con datos integrados y completos sobre el objetivo y su concentraci\u00f3n.<\/li>\n<li>Sistemas de filtrado de se\u00f1ales, para evitar cualquier interferencia provocada por cualquier frecuencia u ondas de radio en el aire.<\/li>\n<li>Auriculares inal\u00e1mbricos que funcionan con tecnolog\u00eda (inal\u00e1mbrica) que se pueden encender y apagar a trav\u00e9s de la configuraci\u00f3n del dispositivo.<\/li>\n<li>Sistema y tecnolog\u00eda Bluetooth para comunicarse con los polinizadores que necesitan estar conectados al dispositivo mediante tecnolog\u00eda Bluetooth.<\/li>\n<li>El sistema de bloqueo del dispositivo, donde el usuario puede configurar el c\u00f3digo de acceso para el dispositivo de modo que nadie pueda operarlo excepto el propietario solamente, y eso es a trav\u00e9s de la interfaz de configurar el c\u00f3digo y bloquear el dispositivo.<\/li>\n<li>La pantalla a color TFT de 3,2 pulgadas con alta resoluci\u00f3n y color ofrece al usuario una visi\u00f3n clara de d\u00eda y de noche.<\/li>\n<li>Por primera vez en el mundo en dispositivos de detecci\u00f3n y exploraci\u00f3n, exclusivamente en el Grupo MWF, el dispositivo est\u00e1 equipado con sistemas operativos y de detecci\u00f3n inteligentes, interfaces operativas inteligentes, sistema de conservaci\u00f3n de energ\u00eda, sistema de carga inteligente, sistema multiling\u00fce y preservaci\u00f3n del idioma del dispositivo, sistema de ahorro de configuraciones, control inteligente, tecnolog\u00eda Bluetooth, configuraci\u00f3n de f\u00e1brica, Todo esto y m\u00e1s con el driver Bear Claw<\/li>\n<li>Sistemas internos de filtrado de se\u00f1ales, para evitar cualquier confusi\u00f3n resultante de frecuencias de rango alto como las ondas de radio presentes en el aire u otras.<\/li>\n<\/ul>\n<\/div>\n<div class=\"col-md-6 col-ms-12 \">\n<div class=\"tab-image\"><img decoding=\"async\" src=\"https:\/\/old.mwf-metaldetectors.com\/wp-content\/uploads\/products\/gf1000\/en\/big-main-image-en.jpg\" \/><\/div>\n<\/div>\n<\/div>\n<ul>\n<li>El sistema de sintonizaci\u00f3n autom\u00e1tica (ATS) es un invento especial y novedoso registrado para el grupo MWF, este sistema proporciona resultados precisos y seguros en todo tipo de suelos y terrenos, ya que este sistema identifica autom\u00e1ticamente el suelo y le da a la b\u00fasqueda una sintonizaci\u00f3n autom\u00e1tica acorde con el tipo de suelo y sus propiedades, al tiempo que elimina cualquier interferencia radiactiva. Como resultado de los efectos de terrenos rocosos y monta\u00f1osos, que pueden afectar a muchos dispositivos, este sistema y su inteligencia pueden ordenar, analizar y proporcionar los niveles necesarios de la se\u00f1al de frecuencia, el voltaje y la longitud de onda de la se\u00f1al, lo que da resultados libres de errores.<\/li>\n<li>La funci\u00f3n de control de brillo de la pantalla, que le brinda la iluminaci\u00f3n adecuada para el d\u00eda o la noche, y para reducir el nivel de iluminaci\u00f3n para ahorrar energ\u00eda tambi\u00e9n.<\/li>\n<li>5 niveles de sonido le brindan un control conveniente del plomo y los sonidos de las se\u00f1ales de b\u00fasqueda y los resultados, adem\u00e1s del modo del vibrador o modo silencioso y satisfecho con los resultados visuales.<\/li>\n<li>El dispositivo est\u00e1 equipado con un reloj de tiempo para ver y ver la hora claramente, con una interfaz de configuraci\u00f3n de la hora.<\/li>\n<li>Multiling\u00fce, incluido el idioma \u00e1rabe.<\/li>\n<li>La bater\u00eda y la funci\u00f3n de carga inteligente, ya que le brinda al usuario un seguimiento preciso del nivel de energ\u00eda, notificaciones precisas del nivel de la bater\u00eda y alertas antes de que se agote, con sistemas de carga inteligente que tambi\u00e9n brindan al usuario un seguimiento de la carga de la bater\u00eda si el dispositivo est\u00e1 cerrado o encendido con el conocimiento del nivel de carga agregada, todo en tiempo real .<\/li>\n<li>Precisi\u00f3n y alta calidad en fabricaci\u00f3n y rendimiento, este dispositivo est\u00e1 fabricado con los mejores pl\u00e1sticos, componentes y circuitos electr\u00f3nicos con especificaciones internacionales.<\/li>\n<li>Dise\u00f1o ergon\u00f3mico y forma aerodin\u00e1mica que le brinda el poder de buscar y navegar con un peso ligero y facilidad de uso que juegan un papel importante en resultados r\u00e1pidos y sin complicaciones.<\/li>\n<li>F\u00e1cil de operar y usar, cualquiera puede usar.<\/li>\n<li>El dispositivo est\u00e1 respaldado por un panel de control suave con una interfaz de teclas que permite al usuario controlar el dispositivo y prepararlo para buscar con facilidad, y el panel de control consta de lo siguiente:\n<ul>\n<li>Bot\u00f3n de encendido y apagado<\/li>\n<li>Bot\u00f3n de control de brillo de la pantalla (acceso directo externo para un control r\u00e1pido que no sea el control de la configuraci\u00f3n interna)<\/li>\n<li>Bot\u00f3n de control de volumen del dispositivo (un acceso directo externo para un control r\u00e1pido que no sea el control interno en la configuraci\u00f3n)<\/li>\n<li>Bot\u00f3n Atr\u00e1s, para volver a las opciones de configuraci\u00f3n y funciones del dispositivo.<\/li>\n<li>Los botones de navegaci\u00f3n (Joystick) le brindan una navegaci\u00f3n r\u00e1pida en las configuraciones y funciones del dispositivo, y consta de cuatro teclas para moverse hacia arriba, abajo, izquierda y derecha.<\/li>\n<li>Ingrese el bot\u00f3n de informaci\u00f3n y confirme las opciones.<\/li>\n<li>Bot\u00f3n de seguimiento y enfoque en objetivos.<\/li>\n<\/ul>\n<\/li>\n<\/ul>\n<\/div>\n\t\t\t\t\t\t\t\t\t\t\t<\/div>\n\t\t\t\t<\/div>\n\t\t\t\t\t\t\t\n\t\t\t\t\n\t\t\t\t<div class=\"wd-accordion-item\">\n\t\t\t\t\t<div class=\"wd-accordion-title font-primary wd-fontsize-s text-left wd-opener-pos-left wd-font-weight-600\" data-accordion-index=\"1\">\n\t\t\t\t\t\t<div class=\"wd-accordion-title-text\">\n\t\t\t\t\t\t\t\t\t\t\t\t\t\t<span>\n\t\t\t\t\t\t\t\tSISTEMAS DE DETECCI\u00d3N\t\t\t\t\t\t\t<\/span>\n\t\t\t\t\t\t<\/div>\n\t\t\t\t\t\t<span class=\"wd-accordion-opener wd-opener-style-arrow\"><\/span>\n\t\t\t\t\t<\/div>\n\n\t\t\t\t\t<div class=\"wd-accordion-content reset-last-child\" data-accordion-index=\"1\">\n\t\t\t\t\t\t\t\t\t\t\t\t\t\n<div class=\"container\">\n<div class=\"row\">\n<div class=\"col-md-6 col-ms-12\">\n<p><strong>El sistema de b\u00fasqueda y exploraci\u00f3n compatible con el dispositivo:<\/strong><\/p>\n<ol>\n<li><strong>Sistema de monitoreo y teledetecci\u00f3n.<\/strong><\/li>\n<\/ol>\n<ul>\n<li>Se han agregado muchas tecnolog\u00edas nuevas a nuestro sistema de detecci\u00f3n remota con tecnolog\u00eda exclusiva y sin precedentes, este sistema trabaja en tecnolog\u00eda de detecci\u00f3n y b\u00fasqueda remota para localizar objetivos y monitorearlos desde largas distancias, dirigiendo al usuario y llev\u00e1ndolo directamente al sitio objetivo.<\/li>\n<li>Sensor integrado y sistema de detecci\u00f3n, donde el dispositivo puede detectar objetivos dirigi\u00e9ndose hacia los objetivos acompa\u00f1ado de un indicador de alerta ac\u00fastica para determinar la ubicaci\u00f3n y la ruta del objetivo con gran precisi\u00f3n.<\/li>\n<li>El sistema y la interfaz de identificaci\u00f3n inteligente de la ruta y direcci\u00f3n del objetivo a trav\u00e9s de la interfaz gr\u00e1fica especial, ya que este sistema le da al usuario una identificaci\u00f3n autom\u00e1tica y visual de la direcci\u00f3n y ubicaci\u00f3n del objetivo.<\/li>\n<li>Interfaz de control inteligente para establecer los niveles y capacidades de b\u00fasqueda y el tipo de objetivo a buscar.<\/li>\n<li>La lista de objetivos consta de 33 objetivos diferentes. Puede elegir cualquier objetivo de esta lista para buscar por separado, y los objetivos son: diamante, esmeralda, zafiro, granate, topacio, cuarzo, circ\u00f3n, amatista, meteoritos, lapisl\u00e1zuli, turmalina, tantalita, columbita, esta\u00f1o, Oro natural, plomo, zinc, cobre natural, fulramita, briquetas, hierro, n\u00edquel, plata, platino, aluminio, aleaciones de metales, cromo, iridio, osmio, paladio, indio, tanzanita, mercurio<\/li>\n<\/ul>\n<\/div>\n<div class=\"col-md-6 col-ms-12\">\n<div class=\"tab-image\"><img decoding=\"async\" src=\"https:\/\/old.mwf-metaldetectors.com\/wp-content\/uploads\/products\/gf1000\/en\/2.jpg\" alt=\"\" \/><\/div>\n<\/div>\n<div class=\"col-md-12 col-ms-12\">\n<ul>\n<li>Interfaz de configuraci\u00f3n de b\u00fasqueda precisa de varios niveles para precontrolar los niveles de profundidad y distancia de la b\u00fasqueda:<\/li>\n<li>Profundidades de hasta 200 metros con la funci\u00f3n de controlar el nivel de la se\u00f1al y la profundidad de b\u00fasqueda a trav\u00e9s de la lista de profundidades de b\u00fasqueda opcionales y comenzar desde 0 hasta la profundidad especificada: 1 m \u2013 3 m \u2013 5 m \u2013 10 m \u2013 25 m \u2013 50 m \u2013 100 m \u2013 150 m \u2013 200 m.<\/li>\n<li>Una distancia de b\u00fasqueda frontal de hasta 2500 metros con la caracter\u00edstica de controlar el nivel de transmisi\u00f3n de ondas para el rango frontal a trav\u00e9s de la lista de la distancia de b\u00fasqueda frontal opcional, comenzando desde 0 my hasta la distancia especificada: 100 m \u2013 250 m \u2013 500 m \u2013 750 m \u2013 1000 m \u2013 1250 m \u2013 1500 m \u2013 2000 m \u2013 2500 m.<\/li>\n<li>La funci\u00f3n de guiado por l\u00e1ser se puede activar y desactivar desde la interfaz del sistema.<\/li>\n<li>Equipado con un transmisor incorporado que funciona en dos sistemas, un sistema de filtrado de se\u00f1ales para confirmar la ubicaci\u00f3n del objetivo y un sistema equipado con ondas terrestres con un sistema para una transmisi\u00f3n precisa y mejora de la se\u00f1al, este transmisor funciona con un sistema bluetooth para comunicarse con la unidad principal a trav\u00e9s de una interfaz de control especial para operar y cerrar estos sistemas a trav\u00e9s de la interfaz del sistema.<\/li>\n<\/ul>\n<\/div>\n<\/div>\n<\/div>\n\t\t\t\t\t\t\t\t\t\t\t<\/div>\n\t\t\t\t<\/div>\n\t\t\t\t\t\t\t\n\t\t\t\t\n\t\t\t\t<div class=\"wd-accordion-item\">\n\t\t\t\t\t<div class=\"wd-accordion-title font-primary wd-fontsize-s text-left wd-opener-pos-left wd-font-weight-600\" data-accordion-index=\"2\">\n\t\t\t\t\t\t<div class=\"wd-accordion-title-text\">\n\t\t\t\t\t\t\t\t\t\t\t\t\t\t<span>\n\t\t\t\t\t\t\t\tESPECIFICACIONES T\u00c9CNICAS\t\t\t\t\t\t\t<\/span>\n\t\t\t\t\t\t<\/div>\n\t\t\t\t\t\t<span class=\"wd-accordion-opener wd-opener-style-arrow\"><\/span>\n\t\t\t\t\t<\/div>\n\n\t\t\t\t\t<div class=\"wd-accordion-content reset-last-child\" data-accordion-index=\"2\">\n\t\t\t\t\t\t\t\t\t\t\t\t\t\n<div class=\"container\">\n<table>\n<tbody>\n<tr>\n<th>Sistema de b\u00fasqueda:<\/th>\n<td>Sistema avanzado de detecci\u00f3n remota<\/td>\n<\/tr>\n<tr>\n<th>Principio de investigaci\u00f3n:<\/th>\n<td>Procesamiento de se\u00f1al de frecuencia digital (DFSP) para recibir los campos electrost\u00e1ticos de los objetivos.<\/td>\n<\/tr>\n<tr>\n<th>Procesador de operaci\u00f3n:<\/th>\n<td>MICROCONTLLER PIC18 &amp; ARM 7<\/td>\n<\/tr>\n<tr>\n<th>Frecuencia operativa de detecci\u00f3n:<\/th>\n<td>Multifrecuencia<\/td>\n<\/tr>\n<tr>\n<th>energ\u00eda:<\/th>\n<td>2 celdas de iones de litio, 3,7 V, 1600 mAh<\/td>\n<\/tr>\n<tr>\n<th>Consumo de energ\u00eda:<\/th>\n<td>El consumo m\u00e1ximo es 200 mA<\/td>\n<\/tr>\n<tr>\n<th>Horas de la bater\u00eda:<\/th>\n<td>: 6 horas de trabajo<\/td>\n<\/tr>\n<tr>\n<th>Cargador:<\/th>\n<td>5,1 voltios 2,1 amperios \/ tiempo de carga 2 horas<\/td>\n<\/tr>\n<tr>\n<th>Tipo de visualizaci\u00f3n:<\/th>\n<td>: Pantalla a color TFT de 3,2 pulgadas, 65,536 colores, velocidad de procesamiento de GPU CDMA de 48 MHz<\/td>\n<\/tr>\n<tr>\n<th>El especialista detecta:<\/th>\n<td>Diamante, Esmeralda, Zafiro, \u00c1gata, Topacio, Cuarzo, Circ\u00f3n, Amatista, Meteoritos, Lapisl\u00e1zuli, Turmalina, Tantalita, Columbita, Esta\u00f1o, Oro natural, Plomo, Zinc, Cobre natural, Fulframita, Briqueta, Hierro, N\u00edquel, Plata, Platino Aluminio, aleaciones de metales, cromo, iridio, osmio, paladio, indio, tanzanita, mercurio.<\/td>\n<\/tr>\n<tr>\n<th>Distinguir entre objetivos:<\/th>\n<td>Si<\/td>\n<\/tr>\n<tr>\n<th>B\u00fasqueda de profundidad:<\/th>\n<td>200 metros<\/td>\n<\/tr>\n<tr>\n<th>Distancia de b\u00fasqueda:<\/th>\n<td>2500 metros<\/td>\n<\/tr>\n<tr>\n<th>Resultados de la investigacion:<\/th>\n<td>A trav\u00e9s de se\u00f1ales y datos de directivas al lugar de enterramiento, acompa\u00f1ados de alarmas sonoras, gr\u00e1ficas y vibratorias<\/td>\n<\/tr>\n<tr>\n<th>Tecnolog\u00eda bluetooth:<\/th>\n<td>Si<\/td>\n<\/tr>\n<tr>\n<th>INAL\u00c1MBRICO:<\/th>\n<td>Si<\/td>\n<\/tr>\n<tr>\n<th>Sistema de guiado autom\u00e1tico e inteligente:<\/th>\n<td>S\u00ed, a trav\u00e9s de la interfaz gr\u00e1fica que indica las ubicaciones y la direcci\u00f3n del objetivo adem\u00e1s de los comandos de voz<\/td>\n<\/tr>\n<tr>\n<th>Alertas de voz:<\/th>\n<td>Si<\/td>\n<\/tr>\n<tr>\n<th>Alerta con vibraci\u00f3n:<\/th>\n<td>Si<\/td>\n<\/tr>\n<tr>\n<th>Temperatura de funcionamiento:<\/th>\n<td>De -15 \u00b0 C a 60 \u00b0 C<\/td>\n<\/tr>\n<tr>\n<th>temperatura:<\/th>\n<td>De -15 \u00b0 C a 40 \u00b0 C<\/td>\n<\/tr>\n<tr>\n<th>Temperatura de almacenamiento:<\/th>\n<td>Se puede almacenar y trabajar con un nivel de humedad del 90%.<\/td>\n<\/tr>\n<tr>\n<th>el peso:<\/th>\n<td>Compuesto: 1.2 gr \u2013 Con la bolsa: 2.7 gr<\/td>\n<\/tr>\n<tr>\n<th>Dimensiones:<\/th>\n<td>18.9\u00d710.4\u00d75.8 cent\u00edmetros<\/td>\n<\/tr>\n<tr>\n<th>Dimensiones de la bolsa:<\/th>\n<td>40x33x17 cent\u00edmetros<\/td>\n<\/tr>\n<\/tbody>\n<\/table>\n<\/div>\n\t\t\t\t\t\t\t\t\t\t\t<\/div>\n\t\t\t\t<\/div>\n\t\t\t\t\t\t\t\n\t\t\t\t\n\t\t\t\t<div class=\"wd-accordion-item\">\n\t\t\t\t\t<div class=\"wd-accordion-title font-primary wd-fontsize-s text-left wd-opener-pos-left wd-font-weight-600\" data-accordion-index=\"3\">\n\t\t\t\t\t\t<div class=\"wd-accordion-title-text\">\n\t\t\t\t\t\t\t\t\t\t\t\t\t\t<span>\n\t\t\t\t\t\t\t\tACCESORIOS\t\t\t\t\t\t\t<\/span>\n\t\t\t\t\t\t<\/div>\n\t\t\t\t\t\t<span class=\"wd-accordion-opener wd-opener-style-arrow\"><\/span>\n\t\t\t\t\t<\/div>\n\n\t\t\t\t\t<div class=\"wd-accordion-content reset-last-child\" data-accordion-index=\"3\">\n\t\t\t\t\t\t\t\t\t\t\t\t\t\n<div class=\"container\">\n<p><!-- #1row --><\/p>\n<div class=\"row\">\n<div class=\"col-sm \">\n<ul>\n<li>La unidad principal del dispositivo (la unidad de control).<\/li>\n<li>Antenas transmisoras y receptoras (para sistemas de teledetecci\u00f3n).<\/li>\n<li>Unidad de refuerzo de tierra (para sistema de teledetecci\u00f3n).<\/li>\n<li>Asa de transporte.<\/li>\n<li>Bolsa de pl\u00e1stico para dispositivos (a prueba de golpes).<\/li>\n<li>Unidad de audio + altavoces (equipo de audio).<\/li>\n<li>Cargador electrico.<\/li>\n<li>Tarjeta de garant\u00eda 3 a\u00f1os.<\/li>\n<li>gu\u00eda de usuario.<\/li>\n<li>Instrucci\u00f3n en DVD<\/li>\n<\/ul>\n<p>&nbsp;<\/p>\n<div class=\"row\">\n<div class=\"col-sm \">\n<p><img decoding=\"async\" loading=\"lazy\" class=\"tab-image mt-5\" src=\"https:\/\/old.mwf-metaldetectors.com\/wp-content\/uploads\/products\/gf1000\/en\/main-unitf-en.jpg\" width=\"497\" height=\"696\" \/><\/p>\n<div class=\"accessories-title text-center \">\n<div class=\"col-sm \">\n<div class=\"accessories-title text-center \">\n<h5>Unidad principal<\/h5>\n<\/div>\n<\/div>\n<\/div>\n<\/div>\n<div class=\"col-sm \">\n<p><img decoding=\"async\" loading=\"lazy\" class=\"tab-image mt-5\" src=\"https:\/\/old.mwf-metaldetectors.com\/wp-content\/uploads\/products\/gf1000\/en\/8.jpg\" width=\"497\" height=\"696\" \/><\/p>\n<div class=\"accessories-title text-center \">\n<div class=\"col-sm \">\n<div class=\"accessories-title text-center \">\n<h5>Unidad de Refuerzo de Suelo<\/h5>\n<\/div>\n<\/div>\n<\/div>\n<\/div>\n<div class=\"col-sm \">\n<p><img decoding=\"async\" loading=\"lazy\" class=\"tab-image mt-5\" src=\"https:\/\/old.mwf-metaldetectors.com\/wp-content\/uploads\/products\/gf1000\/en\/3.jpg\" width=\"497\" height=\"696\" \/><\/p>\n<div class=\"accessories-title text-center \">\n<div class=\"col-sm \">\n<div class=\"accessories-title text-center \">\n<h5>Antenas transceptoras<\/h5>\n<\/div>\n<\/div>\n<\/div>\n<\/div>\n<div class=\"col-sm \">\n<p><img decoding=\"async\" loading=\"lazy\" class=\"tab-image mt-5\" src=\"https:\/\/old.mwf-metaldetectors.com\/wp-content\/uploads\/products\/gf1000\/en\/4.jpg\" width=\"497\" height=\"696\" \/><\/p>\n<div class=\"accessories-title text-center \">\n<div class=\"col-sm \">\n<div class=\"accessories-title text-center \">\n<h5>Antenas transceptoras<\/h5>\n<\/div>\n<\/div>\n<\/div>\n<\/div>\n<div class=\"row\">\n<div class=\"col-sm \">\n<p><img decoding=\"async\" loading=\"lazy\" class=\"tab-image mt-5\" src=\"https:\/\/old.mwf-metaldetectors.com\/wp-content\/uploads\/products\/gf1000\/en\/5.jpg\" width=\"497\" height=\"696\" \/><\/p>\n<div class=\"accessories-title text-center \">\n<div class=\"col-sm \">\n<div class=\"accessories-title text-center \">\n<h5>Cargador<\/h5>\n<\/div>\n<\/div>\n<\/div>\n<\/div>\n<div class=\"col-sm \">\n<p><img decoding=\"async\" loading=\"lazy\" class=\"tab-image mt-5\" src=\"https:\/\/mwf-bolivia.com\/wp-content\/uploads\/products\/gold-line\/en\/5.jpg\" width=\"497\" height=\"696\" \/><\/p>\n<div class=\"accessories-title text-center \">\n<div class=\"col-sm \">\n<div class=\"accessories-title text-center \">\n<h5>Auriculares<\/h5>\n<\/div>\n<\/div>\n<\/div>\n<\/div>\n<div class=\"col-sm \">\n<p><img decoding=\"async\" loading=\"lazy\" class=\"tab-image mt-5\" src=\"https:\/\/old.mwf-metaldetectors.com\/wp-content\/uploads\/products\/gf1000\/en\/6.jpg\" width=\"497\" height=\"696\" \/><\/p>\n<div class=\"accessories-title text-center \">\n<div class=\"col-sm \">\n<div class=\"accessories-title text-center \">\n<h5>Sujeci\u00f3n<\/h5>\n<\/div>\n<\/div>\n<\/div>\n<\/div>\n<div class=\"col-sm \">\n<p><img decoding=\"async\" loading=\"lazy\" class=\"tab-image mt-5\" src=\"https:\/\/old.mwf-metaldetectors.com\/wp-content\/uploads\/products\/gf1000\/en\/9.jpg\" width=\"497\" height=\"696\" \/><\/p>\n<div class=\"accessories-title text-center \">\n<div class=\"col-sm \">\n<div class=\"accessories-title text-center \">\n<h5>equipo de sonido<\/h5>\n<\/div>\n<\/div>\n<\/div>\n<\/div>\n<\/div>\n<\/div>\n<\/div>\n<\/div>\n<\/div>\n\t\t\t\t\t\t\t\t\t\t\t<\/div>\n\t\t\t\t<\/div>\n\t\t\t\t\t\t\t\n\t\t\t\t\n\t\t\t\t<div class=\"wd-accordion-item\">\n\t\t\t\t\t<div class=\"wd-accordion-title font-primary wd-fontsize-s text-left wd-opener-pos-left wd-font-weight-600\" data-accordion-index=\"4\">\n\t\t\t\t\t\t<div class=\"wd-accordion-title-text\">\n\t\t\t\t\t\t\t\t\t\t\t\t\t\t<span>\n\t\t\t\t\t\t\t\tMANUAL DE USUARIO\t\t\t\t\t\t\t<\/span>\n\t\t\t\t\t\t<\/div>\n\t\t\t\t\t\t<span class=\"wd-accordion-opener wd-opener-style-arrow\"><\/span>\n\t\t\t\t\t<\/div>\n\n\t\t\t\t\t<div class=\"wd-accordion-content reset-last-child\" data-accordion-index=\"4\">\n\t\t\t\t\t\t\t\t\t\t\t\t\t\n<div class=\"container\">\n<div class=\"col-md-12 col-ms-12 user-text\" style=\"text-align: center;\">\n<div class=\"col-md-12 col-ms-12 user-text\" style=\"text-align: left;\">\n<div class=\"col-md-12 col-ms-12 user-text\">\n<p>Para leer o descargar la gu\u00eda del usuario, haga clic<span style=\"color: #0000ff;\">\u00a0<a style=\"color: #0000ff;\" href=\"https:\/\/mwf-metaldetectors.com\/user-manual\/es\/GF%201000%20SP%20read.pdf\" target=\"_blank\" rel=\"noopener\">aqu\u00ed<\/a><\/span><\/p>\n<div class=\"col-md-12 col-ms-12 text-center user-img\">\n<div class=\"my-3\"><a href=\"https:\/\/mwf-metaldetectors.com\/user-manual\/en\/gf-1000.pdf\" target=\"_blank\" rel=\"noopener\"><br \/>\n<img decoding=\"async\" class=\"aligncenter\" src=\"https:\/\/mwf-metaldetectors.com\/wp-content\/uploads\/2021\/12\/GF-1000-EN-READ-01.jpg\" alt=\"\" \/><\/a><\/div>\n<\/div>\n<\/div>\n<\/div>\n<\/div>\n<\/div>\n\t\t\t\t\t\t\t\t\t\t\t<\/div>\n\t\t\t\t<\/div>\n\t\t\t\t\t\t\t\t\t\t\t\t\t\t<\/div>\n\n\t\t[\/vc_column][\/vc_row]<\/p>\n<\/section>","protected":false},"excerpt":{"rendered":"<p>[vc_row woodmart_css_id=\u00bb6380db64924c3&#8243; responsive_spacing=\u00bbeyJwYXJhbV90eXBlIjoid29vZG1hcnRfcmVzcG9uc2l2ZV9zcGFjaW5nIiwic2VsZWN0b3JfaWQiOiI2MzgwZGI2NDkyNGMzIiwic2hvcnRjb2RlIjoidmNfcm93IiwiZGF0YSI6eyJ0YWJsZXQiOnt9LCJtb2JpbGUiOnt9fX0=\u00bb mobile_bg_img_hidden=\u00bbno\u00bb tablet_bg_img_hidden=\u00bbno\u00bb woodmart_parallax=\u00bb0&#8243; woodmart_gradient_switch=\u00bbno\u00bb woodmart_box_shadow=\u00bbno\u00bb wd_z_index=\u00bbno\u00bb woodmart_disable_overflow=\u00bb0&#8243; row_reverse_mobile=\u00bb0&#8243; row_reverse_tablet=\u00bb0&#8243;][vc_column][\/vc_column][\/vc_row]<\/p>\n","protected":false},"featured_media":9088,"comment_status":"closed","ping_status":"closed","template":"","meta":{"content-type":""},"product_cat":[148,146,141,185,191],"product_tag":[],"_links":{"self":[{"href":"https:\/\/mwf-bolivia.com\/es\/wp-json\/wp\/v3\/product\/10258"}],"collection":[{"href":"https:\/\/mwf-bolivia.com\/es\/wp-json\/wp\/v3\/product"}],"about":[{"href":"https:\/\/mwf-bolivia.com\/es\/wp-json\/wp\/v2\/types\/product"}],"replies":[{"embeddable":true,"href":"https:\/\/mwf-bolivia.com\/es\/wp-json\/wp\/v2\/comments?post=10258"}],"wp:featuredmedia":[{"embeddable":true,"href":"https:\/\/mwf-bolivia.com\/es\/wp-json\/wp\/v2\/media\/9088"}],"wp:attachment":[{"href":"https:\/\/mwf-bolivia.com\/es\/wp-json\/wp\/v2\/media?parent=10258"}],"wp:term":[{"taxonomy":"product_cat","embeddable":true,"href":"https:\/\/mwf-bolivia.com\/es\/wp-json\/wp\/v2\/product_cat?post=10258"},{"taxonomy":"product_tag","embeddable":true,"href":"https:\/\/mwf-bolivia.com\/es\/wp-json\/wp\/v2\/product_tag?post=10258"}],"curies":[{"name":"wp","href":"https:\/\/api.w.org\/{rel}","templated":true}]}}