{"id":10298,"date":"2022-11-16T12:56:07","date_gmt":"2022-11-16T12:56:07","guid":{"rendered":"https:\/\/mwf-bolivia.com\/product\/navvy\/"},"modified":"2022-12-13T13:57:48","modified_gmt":"2022-12-13T13:57:48","slug":"navvy","status":"publish","type":"product","link":"https:\/\/mwf-bolivia.com\/es\/producto\/navvy\/","title":{"rendered":"NAVVY"},"content":{"rendered":"<section class=\"wpb-content-wrapper\"><p>[vc_row woodmart_css_id=\u00bb6380db64924c3&#8243; responsive_spacing=\u00bbeyJwYXJhbV90eXBlIjoid29vZG1hcnRfcmVzcG9uc2l2ZV9zcGFjaW5nIiwic2VsZWN0b3JfaWQiOiI2MzgwZGI2NDkyNGMzIiwic2hvcnRjb2RlIjoidmNfcm93IiwiZGF0YSI6eyJ0YWJsZXQiOnt9LCJtb2JpbGUiOnt9fX0=\u00bb mobile_bg_img_hidden=\u00bbno\u00bb tablet_bg_img_hidden=\u00bbno\u00bb woodmart_parallax=\u00bb0&#8243; woodmart_gradient_switch=\u00bbno\u00bb woodmart_box_shadow=\u00bbno\u00bb wd_z_index=\u00bbno\u00bb woodmart_disable_overflow=\u00bb0&#8243; row_reverse_mobile=\u00bb0&#8243; row_reverse_tablet=\u00bb0&#8243;][vc_column]\n\t\t<div id=\"wd-637e341d284e0\" class=\"wd-accordion wd-wpb wd-rs-637e341d284e0  wd-style-default\" data-state=\"first\">\n\t\t\t\t\t\t\t\n\t\t\t\t\n\t\t\t\t<div class=\"wd-accordion-item\">\n\t\t\t\t\t<div class=\"wd-accordion-title wd-active font-primary wd-fontsize-s text-left wd-opener-pos-left wd-font-weight-600\" data-accordion-index=\"0\">\n\t\t\t\t\t\t<div class=\"wd-accordion-title-text\">\n\t\t\t\t\t\t\t\t\t\t\t\t\t\t<span>\n\t\t\t\t\t\t\t\tDESCRIPCI\u00d3N\t\t\t\t\t\t\t<\/span>\n\t\t\t\t\t\t<\/div>\n\t\t\t\t\t\t<span class=\"wd-accordion-opener wd-opener-style-arrow\"><\/span>\n\t\t\t\t\t<\/div>\n\n\t\t\t\t\t<div class=\"wd-accordion-content reset-last-child wd-active\" data-accordion-index=\"0\">\n\t\t\t\t\t\t\t\t\t\t\t\t\t\n<div class=\"container\">\n<h3>a detecci\u00f3n de agua subterr\u00e1nea m\u00e1s f\u00e1cil, peque\u00f1a y r\u00e1pida<\/h3>\n<blockquote><p>\n<strong>NAVVY es el dispositivo nuevo y avanzado para detectar agua subterr\u00e1nea<\/strong>, el dispositivo Navi tiene caracter\u00edsticas y caracter\u00edsticas modernas que le permiten monitorear el agua subterr\u00e1nea de manera precisa y efectiva. Entre las caracter\u00edsticas m\u00e1s importantes se encuentran la alta sensibilidad en la velocidad de detecci\u00f3n del objetivo y la verificaci\u00f3n precisa de la ubicaci\u00f3n del agua y los indicadores de audio emitidos para determinar la ruta de la ubicaci\u00f3n del objetivo. Adem\u00e1s de la br\u00fajula digital en la pantalla del dispositivo, que muestra las direcciones y la direcci\u00f3n del objetivo tambi\u00e9n, la profundidad de detecci\u00f3n en este dispositivo alcanza una profundidad de 500 metros y puede detectar objetivos desde una distancia circular de 2000 metros.\n<\/p><\/blockquote>\n<div class=\"row flex-column-reverse flex-lg-row\">\n<div class=\"col-md-6 col-ms-12 \">\n<ul>\n<li>El dispositivo NAVVY es uno de los mejores dispositivos del mundo para detectar y localizar aguas subterr\u00e1neas de forma remota.<\/li>\n<li>Dispositivo especializado en la b\u00fasqueda y detecci\u00f3n de aguas subterr\u00e1neas y artesianas.<\/li>\n<li>Gran precisi\u00f3n sin igual en la identificaci\u00f3n y detecci\u00f3n de agua, confirmando su existencia y verificando al 100% sin errores.<\/li>\n<li>Gran velocidad en proporcionar resultados al usuario con datos integrados y completos sobre el objetivo y su concentraci\u00f3n.<\/li>\n<li>Sistemas de filtrado de se\u00f1ales, para evitar cualquier interferencia provocada por cualquier frecuencia u ondas de radio en el aire.<\/li>\n<li>Sistema de sintonizaci\u00f3n autom\u00e1tica (ATS)<\/li>\n<li>El sistema de bloqueo del dispositivo, donde el usuario puede configurar el c\u00f3digo de acceso del dispositivo para que nadie pueda operarlo excepto el propietario solamente, y eso es a trav\u00e9s de la interfaz de configurar el c\u00f3digo y bloquear el dispositivo.<\/li>\n<li>La funci\u00f3n de control de brillo de la pantalla, que le brinda la iluminaci\u00f3n adecuada para el d\u00eda o la noche, y para reducir el nivel de iluminaci\u00f3n para ahorrar energ\u00eda tambi\u00e9n.<\/li>\n<li>5 niveles de volumen le brindan un control conveniente del plomo y los sonidos de las se\u00f1ales de b\u00fasqueda y los resultados, adem\u00e1s del modo del vibrador, o modo silencioso y satisfecho con los resultados visuales.<\/li>\n<li>multi lenguaje<\/li>\n<li>La bater\u00eda y la funci\u00f3n de carga inteligente, ya que le brinda al usuario un seguimiento preciso del nivel de energ\u00eda, notificaciones precisas del nivel de la bater\u00eda y alertas antes de que se agote, con sistemas de carga inteligente que tambi\u00e9n brindan al usuario un seguimiento de la carga de la bater\u00eda si el dispositivo est\u00e1 cerrado o encendido con el conocimiento del nivel de carga agregada, todo en tiempo real .<\/li>\n<\/ul>\n<\/div>\n<div class=\"col-md-6 col-ms-12\">\n<div class=\"tab-image\"><img decoding=\"async\" src=\"https:\/\/old.mwf-metaldetectors.com\/wp-content\/uploads\/products\/NAVVY\/en\/big-main-image-en.jpg\" alt=\"NAVVY\" \/><\/div>\n<\/div>\n<\/div>\n<div class=\"row\">\n<div class=\"col-md-6 col-ms-12\">\n<ul>\n<li>Precisi\u00f3n y alta calidad en fabricaci\u00f3n y rendimiento, este dispositivo est\u00e1 fabricado con los mejores pl\u00e1sticos, componentes y circuitos electr\u00f3nicos con especificaciones internacionales.<\/li>\n<li>El dise\u00f1o ergon\u00f3mico y la forma aerodin\u00e1mica le brindan el poder de buscar y navegar con un peso liviano y facilidad de uso que juegan un papel importante en resultados r\u00e1pidos y sin complicaciones.<\/li>\n<li>F\u00e1cil de operar y usar, cualquiera puede usar.<\/li>\n<li>La pantalla a color TFT de 3,2 pulgadas con alta definici\u00f3n y precisi\u00f3n de color le brinda al usuario una visi\u00f3n clara de d\u00eda y de noche.<\/li>\n<li>El dispositivo es compatible con un panel de control suave con una interfaz de pulsaci\u00f3n de teclas que permite al usuario controlar el dispositivo y prepararlo para buscar con facilidad, y el panel de control consta de lo siguiente :\n<ul>\n<li>Bot\u00f3n de encendido y apagado<\/li>\n<li>Bot\u00f3n de retroceso<\/li>\n<li>Bot\u00f3n de navegaci\u00f3n<\/li>\n<li>Bot\u00f3n entrar<\/li>\n<\/ul>\n<\/li>\n<\/ul>\n<\/div>\n<\/div>\n<\/div>\n\t\t\t\t\t\t\t\t\t\t\t<\/div>\n\t\t\t\t<\/div>\n\t\t\t\t\t\t\t\n\t\t\t\t\n\t\t\t\t<div class=\"wd-accordion-item\">\n\t\t\t\t\t<div class=\"wd-accordion-title font-primary wd-fontsize-s text-left wd-opener-pos-left wd-font-weight-600\" data-accordion-index=\"1\">\n\t\t\t\t\t\t<div class=\"wd-accordion-title-text\">\n\t\t\t\t\t\t\t\t\t\t\t\t\t\t<span>\n\t\t\t\t\t\t\t\tSISTEMAS DE DETECCI\u00d3N\t\t\t\t\t\t\t<\/span>\n\t\t\t\t\t\t<\/div>\n\t\t\t\t\t\t<span class=\"wd-accordion-opener wd-opener-style-arrow\"><\/span>\n\t\t\t\t\t<\/div>\n\n\t\t\t\t\t<div class=\"wd-accordion-content reset-last-child\" data-accordion-index=\"1\">\n\t\t\t\t\t\t\t\t\t\t\t\t\t\n<div class=\"container\">\n<h5><b>Sistemas de b\u00fasqueda y exploraci\u00f3n compatibles con el dispositivo:<\/b><\/h5>\n<h3>Sistema de monitoreo y teledetecci\u00f3n:<\/h3>\n<ul>\n<li>Se han agregado muchas tecnolog\u00edas nuevas a nuestro sistema de detecci\u00f3n remota con tecnolog\u00eda exclusiva y sin precedentes, este sistema trabaja en tecnolog\u00eda de detecci\u00f3n y b\u00fasqueda remota para ubicar y monitorear ubicaciones de agua desde largas distancias, dirigiendo al usuario y llev\u00e1ndolo directamente a la ubicaci\u00f3n del agua.<\/li>\n<li>Sensor integrado y sistema de detecci\u00f3n, donde el dispositivo puede detectar objetivos dirigi\u00e9ndose hacia los objetivos acompa\u00f1ado de un indicador de alerta ac\u00fastica para determinar la ubicaci\u00f3n y la ruta del objetivo con gran precisi\u00f3n.<\/li>\n<li>El sistema y la interfaz de identificaci\u00f3n inteligente de la ruta y direcci\u00f3n del objetivo a trav\u00e9s de la interfaz gr\u00e1fica especial, ya que este sistema le da al usuario una identificaci\u00f3n autom\u00e1tica y visual de la direcci\u00f3n y ubicaci\u00f3n del objetivo.<\/li>\n<li>Interfaz de control inteligente para establecer los niveles y capacidades de b\u00fasqueda y el tipo de objetivo que se buscar\u00e1 tambi\u00e9n.<\/li>\n<li>Una lista de objetivos de agua, que le da al usuario la capacidad de preseleccionar el tipo de agua a buscar: agua natural \u2013 agua mineral \u2013 agua salada \u2013 y todo tipo de agua.<\/li>\n<li>Interfaz de configuraci\u00f3n de b\u00fasqueda precisa de varios niveles para precontrolar los niveles de profundidad y distancia de la b\u00fasqueda:<\/li>\n<li>Profundidades de hasta 500 metros con la funci\u00f3n de control del nivel de la se\u00f1al y la profundidad de b\u00fasqueda a trav\u00e9s de la lista de profundidades de b\u00fasqueda opcionales, comenzando desde 0 y hasta la profundidad especificada: 25 m \u2013 50 m \u2013 100 m \u2013 150 m \u2013 250 m \u2013 350 m \u2013 500 m.<\/li>\n<li>Distancia de b\u00fasqueda frontal de hasta 2000 metros con la funci\u00f3n de controlar el nivel de transmisi\u00f3n de ondas para el rango frontal a trav\u00e9s de la lista de distancia de b\u00fasqueda frontal opcional, comenzando desde 0 my hasta la distancia especificada: 100 m \u2013 250 m \u2013 500 m \u2013 750 m \u2013 1000 m \u2013 1500 m \u2013 2000 m<\/li>\n<\/ul>\n<h5><\/h5>\n<div class=\"row my-3\">\n<div class=\"col-md-6 col-ms-12 \">\n<div class=\"tab-image\"><img decoding=\"async\" src=\"https:\/\/old.mwf-metaldetectors.com\/wp-content\/uploads\/products\/NAVVY\/en\/4.jpg\" alt=\"\" \/><\/div>\n<\/div>\n<div class=\"col-md-6 col-ms-12\">\n<div class=\"tab-image\"><img decoding=\"async\" src=\"https:\/\/old.mwf-metaldetectors.com\/wp-content\/uploads\/products\/NAVVY\/en\/4.jpg\" alt=\"\" \/><\/div>\n<\/div>\n<\/div>\n<\/div>\n\t\t\t\t\t\t\t\t\t\t\t<\/div>\n\t\t\t\t<\/div>\n\t\t\t\t\t\t\t\n\t\t\t\t\n\t\t\t\t<div class=\"wd-accordion-item\">\n\t\t\t\t\t<div class=\"wd-accordion-title font-primary wd-fontsize-s text-left wd-opener-pos-left wd-font-weight-600\" data-accordion-index=\"2\">\n\t\t\t\t\t\t<div class=\"wd-accordion-title-text\">\n\t\t\t\t\t\t\t\t\t\t\t\t\t\t<span>\n\t\t\t\t\t\t\t\tACCESORIOS\t\t\t\t\t\t\t<\/span>\n\t\t\t\t\t\t<\/div>\n\t\t\t\t\t\t<span class=\"wd-accordion-opener wd-opener-style-arrow\"><\/span>\n\t\t\t\t\t<\/div>\n\n\t\t\t\t\t<div class=\"wd-accordion-content reset-last-child\" data-accordion-index=\"2\">\n\t\t\t\t\t\t\t\t\t\t\t\t\t\n<div class=\"container\">\n<ul>\n<li>La unidad principal del dispositivo (unidad de b\u00fasqueda y control).<\/li>\n<li>Antenas transmisoras y receptoras<\/li>\n<li>Asa de transporte.<\/li>\n<li>Bolsa de pl\u00e1stico para dispositivos (a prueba de golpes).<\/li>\n<li>Cargador electrico.<\/li>\n<li>Tarjeta de garant\u00eda 3 a\u00f1os.<\/li>\n<li>gu\u00eda de usuario.<\/li>\n<li>DVD educativo.<\/li>\n<\/ul>\n<div class=\"row\">\n<div class=\"col-sm \">\n<p><img decoding=\"async\" loading=\"lazy\" class=\"tab-image mt-5\" src=\"https:\/\/old.mwf-metaldetectors.com\/wp-content\/uploads\/products\/NAVVY\/en\/main-unit-en.jpg\" width=\"497\" height=\"696\" \/><\/p>\n<div class=\"accessories-title text-center \">\n<h5>Unidad principal<\/h5>\n<\/div>\n<\/div>\n<div class=\"col-sm \">\n<p><img decoding=\"async\" loading=\"lazy\" class=\"tab-image mt-5\" src=\"https:\/\/old.mwf-metaldetectors.com\/wp-content\/uploads\/products\/NAVVY\/en\/5.jpg\" width=\"497\" height=\"696\" \/><\/p>\n<div class=\"accessories-title text-center \">\n<h5>Sujeci\u00f3n<\/h5>\n<\/div>\n<\/div>\n<div class=\"col-sm \">\n<p><img decoding=\"async\" loading=\"lazy\" class=\"tab-image mt-5\" src=\"https:\/\/old.mwf-metaldetectors.com\/wp-content\/uploads\/products\/NAVVY\/en\/6.jpg\" width=\"497\" height=\"696\" \/><\/p>\n<div class=\"accessories-title text-center \">\n<h5>antena transceptor<\/h5>\n<\/div>\n<\/div>\n<\/div>\n<div class=\"row \">\n<div class=\"col-sm\">\n<p><img decoding=\"async\" loading=\"lazy\" class=\"tab-image mt-5\" src=\"https:\/\/old.mwf-metaldetectors.com\/wp-content\/uploads\/products\/NAVVY\/en\/7.jpg\" width=\"497\" height=\"696\" \/><\/p>\n<div class=\"accessories-title text-center \">\n<h5>antena transceptor<\/h5>\n<\/div>\n<\/div>\n<div class=\"col-sm\">\n<p><img decoding=\"async\" loading=\"lazy\" class=\"tab-image mt-5\" src=\"https:\/\/old.mwf-metaldetectors.com\/wp-content\/uploads\/products\/scope\/en\/7.jpg\" width=\"497\" height=\"696\" \/><\/p>\n<div class=\"accessories-title text-center \">\n<h5>Cargador<\/h5>\n<\/div>\n<\/div>\n<\/div>\n<\/div>\n\t\t\t\t\t\t\t\t\t\t\t<\/div>\n\t\t\t\t<\/div>\n\t\t\t\t\t\t\t\n\t\t\t\t\n\t\t\t\t<div class=\"wd-accordion-item\">\n\t\t\t\t\t<div class=\"wd-accordion-title font-primary wd-fontsize-s text-left wd-opener-pos-left wd-font-weight-600\" data-accordion-index=\"3\">\n\t\t\t\t\t\t<div class=\"wd-accordion-title-text\">\n\t\t\t\t\t\t\t\t\t\t\t\t\t\t<span>\n\t\t\t\t\t\t\t\tESPECIFICACIONES T\u00c9CNICAS\t\t\t\t\t\t\t<\/span>\n\t\t\t\t\t\t<\/div>\n\t\t\t\t\t\t<span class=\"wd-accordion-opener wd-opener-style-arrow\"><\/span>\n\t\t\t\t\t<\/div>\n\n\t\t\t\t\t<div class=\"wd-accordion-content reset-last-child\" data-accordion-index=\"3\">\n\t\t\t\t\t\t\t\t\t\t\t\t\t\n<div class=\"container\">\n<table>\n<tbody>\n<tr>\n<th>Sistema de b\u00fasqueda:<\/th>\n<td>Multisistema: Sistema avanzado de detecci\u00f3n remota<\/td>\n<\/tr>\n<tr>\n<th>Principio de investigaci\u00f3n:<\/th>\n<td>Procesamiento de se\u00f1al de frecuencia digital (DFSP) para recibir energ\u00eda de campo electrost\u00e1tico del agua.<\/td>\n<\/tr>\n<tr>\n<th>Procesador de operaci\u00f3n:<\/th>\n<td>MICROCONTLLER PIC18 &amp; ARM 7<\/td>\n<\/tr>\n<tr>\n<th>Frecuencia operativa de detecci\u00f3n:<\/th>\n<td>De 9 kHz a 11 kHz<\/td>\n<\/tr>\n<tr>\n<th>energ\u00eda:<\/th>\n<td>2 celdas de iones de litio, 3,7 V, 800 mAh<\/td>\n<\/tr>\n<tr>\n<th>Consumo de energ\u00eda:<\/th>\n<td>El consumo m\u00e1ximo es 200 mA<\/td>\n<\/tr>\n<tr>\n<th>Horas de la bater\u00eda:<\/th>\n<td>5 horas de trabajo<\/td>\n<\/tr>\n<tr>\n<th>Cargador:<\/th>\n<td>9 voltios 2 amperios \/ tiempo de carga 2 horas<\/td>\n<\/tr>\n<tr>\n<th>Tipo de visualizaci\u00f3n:<\/th>\n<td>Pantalla a color TFT de 3,2 pulgadas, 65,536 colores, velocidad de procesamiento de GPU CDMA de 48 MHz<\/td>\n<\/tr>\n<tr>\n<th>El especialista detecta:<\/th>\n<td>Agua natural \u2013 agua mineral \u2013 agua salada \u2013 y todo tipo de agua<\/td>\n<\/tr>\n<tr>\n<th>Distinguir entre objetivos:<\/th>\n<td>Si<\/td>\n<\/tr>\n<tr>\n<th>Sistema de selecci\u00f3n del tipo de agua:<\/th>\n<td>S\u00ed, tambi\u00e9n es posible elegir el tipo de agua desde la interfaz de los objetivos antes de iniciar la b\u00fasqueda<\/td>\n<\/tr>\n<tr>\n<th>B\u00fasqueda de profundidad:<\/th>\n<td>500 metros<\/td>\n<\/tr>\n<tr>\n<th>Distancia de b\u00fasqueda:<\/th>\n<td>2000 m<\/td>\n<\/tr>\n<tr>\n<th>Resultados de la investigacion:<\/th>\n<td>A trav\u00e9s de se\u00f1ales y datos de directivas al lugar de enterramiento, acompa\u00f1ados de alarmas sonoras, gr\u00e1ficas y vibratorias<\/td>\n<\/tr>\n<tr>\n<th>Sistema de guiado autom\u00e1tico e inteligente:<\/th>\n<td>S\u00ed, a trav\u00e9s de la interfaz gr\u00e1fica que indica las ubicaciones y la direcci\u00f3n del objetivo adem\u00e1s de los comandos de voz<\/td>\n<\/tr>\n<tr>\n<th>Alertas de voz:<\/th>\n<td>Si<\/td>\n<\/tr>\n<tr>\n<th>Alerta con vibraci\u00f3n:<\/th>\n<td>S\u00ed<\/td>\n<\/tr>\n<tr>\n<th>Temperatura de funcionamiento:<\/th>\n<td>De -15 \u00b0 C a 60 \u00b0 C<\/td>\n<\/tr>\n<tr>\n<th>temperatura:<\/th>\n<td>De -15 \u00b0 C a 40 \u00b0 C<\/td>\n<\/tr>\n<tr>\n<th>Temperatura de almacenamiento:<\/th>\n<td>Se puede almacenar y trabajar con un nivel de humedad del 90%.<\/td>\n<\/tr>\n<tr>\n<th>el peso:<\/th>\n<td>550 g \u2013 desmontado con la bolsa: 750 g<\/td>\n<\/tr>\n<tr>\n<th>Dimensiones:<\/th>\n<td>Unidad principal de 21 x 10,7 x 3,8 cm<\/td>\n<\/tr>\n<tr>\n<th>Dimensiones de la bolsa:<\/th>\n<td>27 x 24 x 08 cent\u00edmetros<\/td>\n<\/tr>\n<\/tbody>\n<\/table>\n<\/div>\n\t\t\t\t\t\t\t\t\t\t\t<\/div>\n\t\t\t\t<\/div>\n\t\t\t\t\t\t\t\n\t\t\t\t\n\t\t\t\t<div class=\"wd-accordion-item\">\n\t\t\t\t\t<div class=\"wd-accordion-title font-primary wd-fontsize-s text-left wd-opener-pos-left wd-font-weight-600\" data-accordion-index=\"4\">\n\t\t\t\t\t\t<div class=\"wd-accordion-title-text\">\n\t\t\t\t\t\t\t\t\t\t\t\t\t\t<span>\n\t\t\t\t\t\t\t\tMANUAL DE USUARIO\t\t\t\t\t\t\t<\/span>\n\t\t\t\t\t\t<\/div>\n\t\t\t\t\t\t<span class=\"wd-accordion-opener wd-opener-style-arrow\"><\/span>\n\t\t\t\t\t<\/div>\n\n\t\t\t\t\t<div class=\"wd-accordion-content reset-last-child\" data-accordion-index=\"4\">\n\t\t\t\t\t\t\t\t\t\t\t\t\t\n<div class=\"container\">\n<div class=\"col-md-12 col-ms-12 user-text\">\n<div class=\"col-md-12 col-ms-12 user-text\">Para leer o descargar la gu\u00eda del usuario, haga clic<span style=\"color: #0000ff;\">\u00a0<a style=\"color: #0000ff;\" href=\"https:\/\/mwf-metaldetectors.com\/user-manual\/es\/NAVVY%20SP%20READ.pdf\" target=\"_blank\" rel=\"noopener\">aqu\u00ed<\/a><\/span><\/div>\n<div class=\"col-md-12 col-ms-12 text-center user-img\">\n<div class=\"my-3\"><\/div>\n<\/div>\n<\/div>\n<div class=\"col-md-12 col-ms-12 text-center user-img\">\n<div class=\"my-3\"><a style=\"color: #ff9c00;\" href=\"https:\/\/mwf-metaldetectors.com\/user-manual\/en\/navvy.pdf\" target=\"_blank\" rel=\"noopener\"><img decoding=\"async\" class=\"aligncenter\" src=\"https:\/\/mwf-metaldetectors.com\/wp-content\/uploads\/2021\/12\/NAVVY-EN-READ-01.jpg\" alt=\"\" \/><\/a><\/div>\n<\/div>\n<\/div>\n\t\t\t\t\t\t\t\t\t\t\t<\/div>\n\t\t\t\t<\/div>\n\t\t\t\t\t\t\t\t\t\t\t\t\t\t<\/div>\n\n\t\t[\/vc_column][\/vc_row]<\/p>\n<\/section>","protected":false},"excerpt":{"rendered":"<p>[vc_row woodmart_css_id=\u00bb6380db64924c3&#8243; responsive_spacing=\u00bbeyJwYXJhbV90eXBlIjoid29vZG1hcnRfcmVzcG9uc2l2ZV9zcGFjaW5nIiwic2VsZWN0b3JfaWQiOiI2MzgwZGI2NDkyNGMzIiwic2hvcnRjb2RlIjoidmNfcm93IiwiZGF0YSI6eyJ0YWJsZXQiOnt9LCJtb2JpbGUiOnt9fX0=\u00bb mobile_bg_img_hidden=\u00bbno\u00bb tablet_bg_img_hidden=\u00bbno\u00bb woodmart_parallax=\u00bb0&#8243; woodmart_gradient_switch=\u00bbno\u00bb woodmart_box_shadow=\u00bbno\u00bb wd_z_index=\u00bbno\u00bb woodmart_disable_overflow=\u00bb0&#8243; row_reverse_mobile=\u00bb0&#8243; row_reverse_tablet=\u00bb0&#8243;][vc_column][\/vc_column][\/vc_row]<\/p>\n","protected":false},"featured_media":9006,"comment_status":"closed","ping_status":"closed","template":"","meta":{"content-type":""},"product_cat":[161,185,191],"product_tag":[],"_links":{"self":[{"href":"https:\/\/mwf-bolivia.com\/es\/wp-json\/wp\/v3\/product\/10298"}],"collection":[{"href":"https:\/\/mwf-bolivia.com\/es\/wp-json\/wp\/v3\/product"}],"about":[{"href":"https:\/\/mwf-bolivia.com\/es\/wp-json\/wp\/v2\/types\/product"}],"replies":[{"embeddable":true,"href":"https:\/\/mwf-bolivia.com\/es\/wp-json\/wp\/v2\/comments?post=10298"}],"wp:featuredmedia":[{"embeddable":true,"href":"https:\/\/mwf-bolivia.com\/es\/wp-json\/wp\/v2\/media\/9006"}],"wp:attachment":[{"href":"https:\/\/mwf-bolivia.com\/es\/wp-json\/wp\/v2\/media?parent=10298"}],"wp:term":[{"taxonomy":"product_cat","embeddable":true,"href":"https:\/\/mwf-bolivia.com\/es\/wp-json\/wp\/v2\/product_cat?post=10298"},{"taxonomy":"product_tag","embeddable":true,"href":"https:\/\/mwf-bolivia.com\/es\/wp-json\/wp\/v2\/product_tag?post=10298"}],"curies":[{"name":"wp","href":"https:\/\/api.w.org\/{rel}","templated":true}]}}