{"id":10691,"date":"2022-12-16T13:04:09","date_gmt":"2022-12-16T13:04:09","guid":{"rendered":"https:\/\/mwf-bolivia.com\/product\/tf-mini\/"},"modified":"2022-12-17T07:35:14","modified_gmt":"2022-12-17T07:35:14","slug":"tf-mini","status":"publish","type":"product","link":"https:\/\/mwf-bolivia.com\/es\/producto\/tf-mini\/","title":{"rendered":"TF-MINI"},"content":{"rendered":"<section class=\"wpb-content-wrapper\"><p>[vc_row woodmart_css_id=\u00bb6380db64924c3&#8243; responsive_spacing=\u00bbeyJwYXJhbV90eXBlIjoid29vZG1hcnRfcmVzcG9uc2l2ZV9zcGFjaW5nIiwic2VsZWN0b3JfaWQiOiI2MzgwZGI2NDkyNGMzIiwic2hvcnRjb2RlIjoidmNfcm93IiwiZGF0YSI6eyJ0YWJsZXQiOnt9LCJtb2JpbGUiOnt9fX0=\u00bb mobile_bg_img_hidden=\u00bbno\u00bb tablet_bg_img_hidden=\u00bbno\u00bb woodmart_parallax=\u00bb0&#8243; woodmart_gradient_switch=\u00bbno\u00bb woodmart_box_shadow=\u00bbno\u00bb wd_z_index=\u00bbno\u00bb woodmart_disable_overflow=\u00bb0&#8243; row_reverse_mobile=\u00bb0&#8243; row_reverse_tablet=\u00bb0&#8243;][vc_column]\n\t\t<div id=\"wd-637e341d284e0\" class=\"wd-accordion wd-wpb wd-rs-637e341d284e0  wd-style-default\" data-state=\"first\">\n\t\t\t\t\t\t\t\n\t\t\t\t\n\t\t\t\t<div class=\"wd-accordion-item\">\n\t\t\t\t\t<div class=\"wd-accordion-title wd-active font-primary wd-fontsize-s text-left wd-opener-pos-left wd-font-weight-600\" data-accordion-index=\"0\">\n\t\t\t\t\t\t<div class=\"wd-accordion-title-text\">\n\t\t\t\t\t\t\t\t\t\t\t\t\t\t<span>\n\t\t\t\t\t\t\t\tDESCRIPCI\u00d3N\t\t\t\t\t\t\t<\/span>\n\t\t\t\t\t\t<\/div>\n\t\t\t\t\t\t<span class=\"wd-accordion-opener wd-opener-style-arrow\"><\/span>\n\t\t\t\t\t<\/div>\n\n\t\t\t\t\t<div class=\"wd-accordion-content reset-last-child wd-active\" data-accordion-index=\"0\">\n\t\t\t\t\t\t\t\t\t\t\t\t\t\n<div class=\"container\">\n<div class=\"row flex-column-reverse flex-lg-row\">\n<div class=\"col-md-6 col-ms-12 \">\n<blockquote>\n<div>Es hora de deshacerse de los dispositivos complejos y pesados y pasar a nuevas tecnolog\u00edas de detecci\u00f3n.,TFMINI Reloj de pulsera detector de metales preciosos con nanotecnolog\u00eda incorporada, para alcanzar tu tesoro y cumplir tu sue\u00f1o.<br \/>\nPorque MWF siempre busca desarrollar y proporcionar un producto distintivo y efectivo y se preocupa por los requisitos de los exploradores y aventureros que aman buscar tesoros en todo el mundo.<br \/>\nEl dispositivo TF MINI funciona CON un sistema de detecci\u00f3n de radar incorporado para detectar y buscar ionizaci\u00f3n radiactiva de metales preciosos enterrados bajo tierra.<\/div>\n<\/blockquote>\n<ul>\n<li aria-level=\"1\">Un peque\u00f1o tesoro y detector de metales que se sujeta a la mu\u00f1eca como un reloj de lujo<\/li>\n<li aria-level=\"1\">Tiene un dise\u00f1o c\u00f3modo y una forma estilizada, y se adapta a todos los gustos<\/li>\n<li aria-level=\"1\">Es tan liviano que no lo sientes en tu mu\u00f1eca.<\/li>\n<li aria-level=\"1\">No hay necesidad de cambiar las bater\u00edas constantemente ya que incluye una bater\u00eda recargable incorporada<\/li>\n<li aria-level=\"1\">Voltaje de bajo consumo de energ\u00eda con alta sensibilidad<\/li>\n<li aria-level=\"1\">Peso ligero solo 90 gramos<\/li>\n<li aria-level=\"1\">Capacidades de respuesta r\u00e1pida y reinicio y calibraci\u00f3n con un solo clic<\/li>\n<li aria-level=\"1\">PunteroaudioEl visual interactivo interact\u00faa hacia arriba a medida que se acerca al objetivo.<\/li>\n<li aria-level=\"1\">Sistema de programaci\u00f3n y compatibilidad autom\u00e1tica con todo tipo de terrenos y suelos rocosos, monta\u00f1osos, arenosos y fangosos.<\/li>\n<li aria-level=\"1\">Tiene funci\u00f3n de indicador de nivel de bater\u00eda y ca\u00edda de voltaje.<\/li>\n<li aria-level=\"1\">Indicador luminoso interactivo, reacciona gradualmente al acercarse o alejarse del metal<\/li>\n<li aria-level=\"1\">Indicador interactivo de respuesta de audio y visual, que proporciona una determinaci\u00f3n precisa del tama\u00f1o del metal de acuerdo con la fuerza de la sensibilidad.<\/li>\n<li aria-level=\"1\">La duraci\u00f3n de la bater\u00eda en modo uso es de 8 horas.<\/li>\n<li aria-level=\"1\">Sistema de env\u00edo y recepci\u00f3n de se\u00f1ales (HSW) avanzado y preciso, proporcionado de manera exclusiva por MWF, a trav\u00e9s de su estudio y procesos de desarrollo modernos para la forma de la se\u00f1al y su carga en trayectorias de onda altamente sensibles.<\/li>\n<li aria-level=\"1\">Este dispositivo est\u00e1 fabricado con los mejores pl\u00e1sticos, componentes y circuitos electr\u00f3nicos con est\u00e1ndares internacionales.<\/li>\n<li aria-level=\"1\">Precisi\u00f3n y alta calidad enfabricaci\u00f3ny rendimiento.<\/li>\n<\/ul>\n<\/div>\n<div class=\"col-md-6 col-ms-12\">\n<div class=\"tab-image\"><img decoding=\"async\" src=\"https:\/\/mwf-bolivia.com\/wp-content\/uploads\/2022\/12\/big-main-image.jpg\" alt=\"spark\" \/><\/div>\n<\/div>\n<\/div>\n<\/div>\n\t\t\t\t\t\t\t\t\t\t\t<\/div>\n\t\t\t\t<\/div>\n\t\t\t\t\t\t\t\n\t\t\t\t\n\t\t\t\t<div class=\"wd-accordion-item\">\n\t\t\t\t\t<div class=\"wd-accordion-title font-primary wd-fontsize-s text-left wd-opener-pos-left wd-font-weight-600\" data-accordion-index=\"1\">\n\t\t\t\t\t\t<div class=\"wd-accordion-title-text\">\n\t\t\t\t\t\t\t\t\t\t\t\t\t\t<span>\n\t\t\t\t\t\t\t\tSISTEMAS DE DETECCI\u00d3N\t\t\t\t\t\t\t<\/span>\n\t\t\t\t\t\t<\/div>\n\t\t\t\t\t\t<span class=\"wd-accordion-opener wd-opener-style-arrow\"><\/span>\n\t\t\t\t\t<\/div>\n\n\t\t\t\t\t<div class=\"wd-accordion-content reset-last-child\" data-accordion-index=\"1\">\n\t\t\t\t\t\t\t\t\t\t\t\t\t\n<div class=\"container\">\n<div class=\"row\">\n<div class=\"col-md-12 col-ms-12\">\n<ul>\n<li aria-level=\"1\">La petite taille de l\u2019appareil permet d\u2019acc\u00e9der \u00e0 des lieux de recherche inaccessibles via un autre appareil<\/li>\n<li aria-level=\"1\">D\u00e9tection de m\u00e9taux pr\u00e9cieux, enfouis dans le sol<\/li>\n<li aria-level=\"1\">D\u00e9couvrez des tr\u00e9sors cach\u00e9s \u00e0 diff\u00e9rents endroits<\/li>\n<li aria-level=\"1\">D\u00e9tection en conduisant une moto ou un v\u00e9lo<\/li>\n<li aria-level=\"1\">Vous pouvez vous d\u00e9placer et voyager avec elle o\u00f9 vous voulez<\/li>\n<li aria-level=\"1\">D\u00e9barrassez-vous des appareils complexes et lourds<\/li>\n<\/ul>\n<\/div>\n<div class=\"col-md-6 col-ms-12 mb-3\">\n<div class=\"tab-image\"><img decoding=\"async\" src=\"https:\/\/mwf-bolivia.com\/wp-content\/uploads\/2022\/12\/2.jpg\" alt=\"\" \/><\/div>\n<\/div>\n<div class=\"col-md-6 col-ms-12 mb-3\">\n<div class=\"tab-image\"><img decoding=\"async\" src=\"https:\/\/mwf-bolivia.com\/wp-content\/uploads\/2022\/12\/5.jpg\" alt=\"\" \/><\/div>\n<\/div>\n<\/div>\n<\/div>\n\t\t\t\t\t\t\t\t\t\t\t<\/div>\n\t\t\t\t<\/div>\n\t\t\t\t\t\t\t\n\t\t\t\t\n\t\t\t\t<div class=\"wd-accordion-item\">\n\t\t\t\t\t<div class=\"wd-accordion-title font-primary wd-fontsize-s text-left wd-opener-pos-left wd-font-weight-600\" data-accordion-index=\"2\">\n\t\t\t\t\t\t<div class=\"wd-accordion-title-text\">\n\t\t\t\t\t\t\t\t\t\t\t\t\t\t<span>\n\t\t\t\t\t\t\t\tESPECIFICACIONES T\u00c9CNICAS\t\t\t\t\t\t\t<\/span>\n\t\t\t\t\t\t<\/div>\n\t\t\t\t\t\t<span class=\"wd-accordion-opener wd-opener-style-arrow\"><\/span>\n\t\t\t\t\t<\/div>\n\n\t\t\t\t\t<div class=\"wd-accordion-content reset-last-child\" data-accordion-index=\"2\">\n\t\t\t\t\t\t\t\t\t\t\t\t\t\n<div class=\"container\">\n<table>\n<tbody>\n<tr>\n<td><b>Sistema de detecci\u00f3n:<\/b><\/td>\n<td>Sistema de b\u00fasqueda de radar integrado i\u00f3nico<\/td>\n<\/tr>\n<tr>\n<td><b>Principio de detecci\u00f3n:<\/b><\/td>\n<td>Niveles de procesamiento y se\u00f1ales de ionizaci\u00f3n radiactiva para detectar metales preciosos enterrados<\/td>\n<\/tr>\n<tr>\n<td><b>Procesador de operaciones:<\/b><\/td>\n<td>MICROCONTROLADOR PIC18 Y ARM 7<\/td>\n<\/tr>\n<tr>\n<td><b>Frecuencia de operaci\u00f3n<\/b><\/td>\n<td>50 MHz<\/td>\n<\/tr>\n<tr>\n<td><b>Tipo de alarma:<\/b><\/td>\n<td>Alarma interactiva de luz y sonido.<\/td>\n<\/tr>\n<tr>\n<td><b>Energ\u00eda:<\/b><\/td>\n<td>Dos celdas de iones de litio, 7,4 voltios, 400 mAh.<\/td>\n<\/tr>\n<tr>\n<td><b>Consumo de energ\u00eda:<\/b><\/td>\n<td>El consumo m\u00e1ximo es de 200 mAh<\/td>\n<\/tr>\n<tr>\n<td><b>Horas de trabajo de la bater\u00eda:<\/b><\/td>\n<td>8 horas de trabajo real<\/td>\n<\/tr>\n<tr>\n<td><b>cargador:<\/b><\/td>\n<td>9V 1A \/ Tiempo de carga: 30 minutos<\/td>\n<\/tr>\n<tr>\n<td><b>Especializados en detectar:<\/b><\/td>\n<td>metales preciosos enterrados<\/td>\n<\/tr>\n<tr>\n<td><b>Profundidad de b\u00fasqueda:<\/b><\/td>\n<td>5 metros<\/td>\n<\/tr>\n<tr>\n<td><b>Distancia de b\u00fasqueda:<\/b><\/td>\n<td>20 metros<\/td>\n<\/tr>\n<tr>\n<td><b>Temperatura de funcionamiento:<\/b><\/td>\n<td>de -15\u00b0C \u00b0C a 55 \u00b0C \u00b0C<\/td>\n<\/tr>\n<tr>\n<td><b>Temperatura de almacenamiento:<\/b><\/td>\n<td>de \u2013 15\u00b0C \u00b0C a 50 \u00b0C \u00b0C<\/td>\n<\/tr>\n<tr>\n<td><b>Humedad:<\/b><\/td>\n<td>Se puede almacenar y operar a un nivel de humedad de 90 grados%<\/td>\n<\/tr>\n<tr>\n<td><b>peso:<\/b><\/td>\n<td>Compuesto: 90 g \u2013 en bolsa: 400 g<\/td>\n<\/tr>\n<tr>\n<td><b>Dimensiones:<\/b><\/td>\n<td>4,8 x 7,8 x 2,6 cm<\/td>\n<\/tr>\n<\/tbody>\n<\/table>\n<\/div>\n\t\t\t\t\t\t\t\t\t\t\t<\/div>\n\t\t\t\t<\/div>\n\t\t\t\t\t\t\t\n\t\t\t\t\n\t\t\t\t<div class=\"wd-accordion-item\">\n\t\t\t\t\t<div class=\"wd-accordion-title font-primary wd-fontsize-s text-left wd-opener-pos-left wd-font-weight-600\" data-accordion-index=\"3\">\n\t\t\t\t\t\t<div class=\"wd-accordion-title-text\">\n\t\t\t\t\t\t\t\t\t\t\t\t\t\t<span>\n\t\t\t\t\t\t\t\tACCESORIOS\t\t\t\t\t\t\t<\/span>\n\t\t\t\t\t\t<\/div>\n\t\t\t\t\t\t<span class=\"wd-accordion-opener wd-opener-style-arrow\"><\/span>\n\t\t\t\t\t<\/div>\n\n\t\t\t\t\t<div class=\"wd-accordion-content reset-last-child\" data-accordion-index=\"3\">\n\t\t\t\t\t\t\t\t\t\t\t\t\t\n<div class=\"container\">\n<ul>\n<li aria-level=\"1\">unidad principal<\/li>\n<li aria-level=\"1\">antena de radar<\/li>\n<li aria-level=\"1\">Correa para la mu\u00f1eca<\/li>\n<li aria-level=\"1\">Cargador<\/li>\n<li aria-level=\"1\">Manual de usuario<\/li>\n<li aria-level=\"1\">Tarjeta de garant\u00eda<\/li>\n<\/ul>\n<div class=\"row\">\n<div class=\"col-sm \">\n<p><img decoding=\"async\" loading=\"lazy\" class=\"tab-image mt-5\" src=\"https:\/\/mwf-bolivia.com\/wp-content\/uploads\/2022\/12\/main-unit.jpg\" width=\"497\" height=\"696\" \/><\/p>\n<div class=\"accessories-title text-center \">\n<h5>Unidad principal<\/h5>\n<\/div>\n<\/div>\n<div class=\"col-sm \">\n<p><img decoding=\"async\" loading=\"lazy\" class=\"tab-image mt-5\" src=\"https:\/\/mwf-bolivia.com\/wp-content\/uploads\/2022\/12\/8.jpg\" width=\"497\" height=\"696\" \/><\/p>\n<div class=\"accessories-title text-center \">\n<h5>Antena del transceptor<\/h5>\n<\/div>\n<\/div>\n<div class=\"col-sm \">\n<p><img decoding=\"async\" loading=\"lazy\" class=\"tab-image mt-5\" src=\"https:\/\/mwf-bolivia.com\/wp-content\/uploads\/2022\/12\/6.jpg\" width=\"497\" height=\"696\" \/><\/p>\n<div class=\"accessories-title text-center \">\n<h5>correa para el brazo<\/h5>\n<\/div>\n<\/div>\n<div class=\"col-sm \">\n<p><img decoding=\"async\" loading=\"lazy\" class=\"tab-image mt-5\" src=\"https:\/\/mwf-bolivia.com\/wp-content\/uploads\/2022\/12\/7.jpg\" width=\"497\" height=\"696\" \/><\/p>\n<div class=\"accessories-title text-center \">\n<h5>Cobrar<\/h5>\n<\/div>\n<\/div>\n<\/div>\n<\/div>\n\t\t\t\t\t\t\t\t\t\t\t<\/div>\n\t\t\t\t<\/div>\n\t\t\t\t\t\t\t\n\t\t\t\t\n\t\t\t\t<div class=\"wd-accordion-item\">\n\t\t\t\t\t<div class=\"wd-accordion-title font-primary wd-fontsize-s text-left wd-opener-pos-left wd-font-weight-600\" data-accordion-index=\"4\">\n\t\t\t\t\t\t<div class=\"wd-accordion-title-text\">\n\t\t\t\t\t\t\t\t\t\t\t\t\t\t<span>\n\t\t\t\t\t\t\t\tMANUAL DE USUARIO\t\t\t\t\t\t\t<\/span>\n\t\t\t\t\t\t<\/div>\n\t\t\t\t\t\t<span class=\"wd-accordion-opener wd-opener-style-arrow\"><\/span>\n\t\t\t\t\t<\/div>\n\n\t\t\t\t\t<div class=\"wd-accordion-content reset-last-child\" data-accordion-index=\"4\">\n\t\t\t\t\t\t\t\t\t\t\t\t\t\n<div class=\"container\">\n<div class=\"col-md-12 col-ms-12 user-text\">\n<div class=\"col-md-12 col-ms-12 user-text\">Para leer o descargar el libro, haga clic en<span style=\"color: #0000ff;\"><a style=\"color: #0000ff;\" href=\"https:\/\/mwf-metaldetectors.com\/user-manual\/tfmini.pdf\" target=\"_blank\" rel=\"noopener\">aqu\u00ed<\/a><\/span><\/div>\n<div class=\"col-md-12 col-ms-12 text-center user-img\">\n<div class=\"my-3\"><a href=\"https:\/\/mwf-metaldetectors.com\/user-manual\/tfmini.pdf\" target=\"_blank\" rel=\"noopener\"><br \/>\n<img decoding=\"async\" class=\"tab-image\" src=\"https:\/\/mwf-metaldetectors.com\/wp-content\/uploads\/2022\/12\/1200Asset-1-100.jpg\" alt=\"\" \/><\/a><\/div>\n<\/div>\n<\/div>\n<div class=\"col-md-12 col-ms-12 text-center user-img\">\n<div class=\"my-3\"><\/div>\n<\/div>\n\t\t\t\t\t\t\t\t\t\t\t<\/div>\n\t\t\t\t<\/div>\n\t\t\t\t\t\t\t\t\t\t\t\t\t\t<\/div>\n\n\t\t[\/vc_column][\/vc_row]<\/p>\n<\/div>\n<\/section>","protected":false},"excerpt":{"rendered":"<p>[vc_row woodmart_css_id=\u00bb6380db64924c3&#8243; responsive_spacing=\u00bbeyJwYXJhbV90eXBlIjoid29vZG1hcnRfcmVzcG9uc2l2ZV9zcGFjaW5nIiwic2VsZWN0b3JfaWQiOiI2MzgwZGI2NDkyNGMzIiwic2hvcnRjb2RlIjoidmNfcm93IiwiZGF0YSI6eyJ0YWJsZXQiOnt9LCJtb2JpbGUiOnt9fX0=\u00bb mobile_bg_img_hidden=\u00bbno\u00bb tablet_bg_img_hidden=\u00bbno\u00bb woodmart_parallax=\u00bb0&#8243; woodmart_gradient_switch=\u00bbno\u00bb woodmart_box_shadow=\u00bbno\u00bb wd_z_index=\u00bbno\u00bb woodmart_disable_overflow=\u00bb0&#8243; row_reverse_mobile=\u00bb0&#8243; row_reverse_tablet=\u00bb0&#8243;][vc_column][\/vc_column][\/vc_row]<\/p>\n","protected":false},"featured_media":10633,"comment_status":"open","ping_status":"closed","template":"","meta":{"content-type":""},"product_cat":[148,180],"product_tag":[282,283],"_links":{"self":[{"href":"https:\/\/mwf-bolivia.com\/es\/wp-json\/wp\/v3\/product\/10691"}],"collection":[{"href":"https:\/\/mwf-bolivia.com\/es\/wp-json\/wp\/v3\/product"}],"about":[{"href":"https:\/\/mwf-bolivia.com\/es\/wp-json\/wp\/v2\/types\/product"}],"replies":[{"embeddable":true,"href":"https:\/\/mwf-bolivia.com\/es\/wp-json\/wp\/v2\/comments?post=10691"}],"wp:featuredmedia":[{"embeddable":true,"href":"https:\/\/mwf-bolivia.com\/es\/wp-json\/wp\/v2\/media\/10633"}],"wp:attachment":[{"href":"https:\/\/mwf-bolivia.com\/es\/wp-json\/wp\/v2\/media?parent=10691"}],"wp:term":[{"taxonomy":"product_cat","embeddable":true,"href":"https:\/\/mwf-bolivia.com\/es\/wp-json\/wp\/v2\/product_cat?post=10691"},{"taxonomy":"product_tag","embeddable":true,"href":"https:\/\/mwf-bolivia.com\/es\/wp-json\/wp\/v2\/product_tag?post=10691"}],"curies":[{"name":"wp","href":"https:\/\/api.w.org\/{rel}","templated":true}]}}